{"id":1156,"date":"2019-11-05T14:04:10","date_gmt":"2019-11-05T13:04:10","guid":{"rendered":"http:\/\/itxwsqw.cluster020.hosting.ovh.net\/sandra\/?page_id=1156"},"modified":"2019-11-14T10:43:36","modified_gmt":"2019-11-14T09:43:36","slug":"cgv-mentions-legales","status":"publish","type":"page","link":"https:\/\/www.coelhosandra.com\/index.php\/cgv-mentions-legales\/","title":{"rendered":"CGV"},"content":{"rendered":"<p>[vc_row row_type=\u00a0\u00bbrow\u00a0\u00bb use_row_as_full_screen_section=\u00a0\u00bbno\u00a0\u00bb type=\u00a0\u00bbfull_width\u00a0\u00bb text_align=\u00a0\u00bbleft\u00a0\u00bb background_animation=\u00a0\u00bbnone\u00a0\u00bb css_animation=\u00a0\u00bb\u00a0\u00bb css=\u00a0\u00bb.vc_custom_1573553174631{margin-right: 20px !important;margin-left: 20px !important;}\u00a0\u00bb][vc_column width=\u00a0\u00bb1\/6&Prime;][\/vc_column][vc_column width=\u00a0\u00bb2\/3&Prime;][vc_column_text]<\/p>\n<h1 style=\"text-align: center;\">CONDITIONS G\u00c9N\u00c9RALES DE VENTE<\/h1>\n<p>[\/vc_column_text][vc_empty_space height=\u00a0\u00bb50px\u00a0\u00bb][vc_column_text]<\/p>\n<p class=\"p1\"><b>CLAUSE n\u00b0 1 : Objet<\/b><br \/>\nLes conditions g\u00e9n\u00e9rales de vente d\u00e9crites ci-apr\u00e8s d\u00e9taillent les droits et obligations de Sandra Coelho C\u00e9ramique et de son client dans le cadre de la vente des marchandises suivantes : bijoux et bon cadeaux.<br \/>\nToute prestation accomplie par Sandra Coelho C\u00e9ramique implique donc l\u2019adh\u00e9sion sans r\u00e9serve de l\u2019acheteur aux pr\u00e9sentes conditions g\u00e9n\u00e9rales de vente.<\/p>\n<p>&nbsp;<\/p>\n<p class=\"p2\"><b>CLAUSE n\u00b0 2 : Prix<br \/>\n<\/b><\/p>\n<p class=\"p2\"><span style=\"text-decoration: underline;\"><span class=\"s1\">1. D\u00e9termination du prix<\/span><\/span><br \/>\nLes prix des marchandises vendues sont ceux en vigueur au jour de la prise de commande.<\/p>\n<p class=\"p3\"><span class=\"s2\">Les<\/span> prix des produits (le produit d\u00e9signant une ou plusieurs pi\u00e8ces en c\u00e9ramique ou bon cadeau) sont indiqu\u00e9s en euros, prix net (non assujetti de tva car statut d&rsquo;auto entrepreneur) comprises pour la France m\u00e9tropolitaine et l&rsquo;Union Europ\u00e9enne.<\/p>\n<p class=\"p1\">. Par voie de cons\u00e9quence, ils seront major\u00e9s des frais de transport applicables au jour de la commande.<\/p>\n<p class=\"p4\">Le prix total de la commande (toutes taxes et frais de port compris) est indiqu\u00e9 dans le panier.<br \/>\nSandra Coelho se r\u00e9serve le droit de modifier ses prix \u00e0 tout moment mais les produits seront factur\u00e9s sur la base des tarifs en vigueur au moment de l&rsquo;enregistrement de la commande, sous r\u00e9serve de disponibilit\u00e9.<\/p>\n<p class=\"p4\"><span style=\"text-decoration: underline;\">2. Modalit\u00e9 de paiement<\/span><\/p>\n<p class=\"p4\"><span class=\"s3\">Le r\u00e8glement des commandes s\u2019effectue par paypal, virement bancaire ou ch\u00e8que postal.<\/span><br \/>\nL&rsquo;int\u00e9gralit\u00e9 du paiement doit \u00eatre r\u00e9alis\u00e9e lors de la commande. A aucun moment les sommes vers\u00e9es ne pourront \u00eatre consid\u00e9r\u00e9es comme des arrhes ou des acomptes.<\/p>\n<p class=\"p4\"><strong>Pour les r\u00e8glement par carte bancaire\u00a0:<\/strong><\/p>\n<p class=\"p4\">Le Client r\u00e8gle sa commande par carte bancaire (Visa, Eurocard\/Mastercard) conform\u00e9ment aux dispositions du pr\u00e9sent article.<br \/>\nLe Client acc\u00e8de \u00e0 un espace d\u00e9di\u00e9 mis \u00e0 disposition par un \u00e9tablissement bancaire, lequel assure la s\u00e9curit\u00e9 et l&rsquo;enregistrement de l&rsquo;ordre de paiement.<br \/>\nPour toute transaction, le Client indiquera le num\u00e9ro figurant au recto de sa carte, la date d&rsquo;expiration de sa carte et le cryptogramme figurant au verso de sa carte (trois derniers chiffres).<br \/>\nA cet \u00e9gard, le Client reconna\u00eet express\u00e9ment que la communication de son num\u00e9ro de carte bancaire \u00e0 Sandra Coelho vaut autorisation de d\u00e9bit de son compte \u00e0 concurrence des produits command\u00e9s.<br \/>\nAucun envoi en contre-remboursement ne sera accept\u00e9, quel qu&rsquo;en soit le motif.<br \/>\nLes donn\u00e9es enregistr\u00e9es et conserv\u00e9es par Sandra Coelho constituent la preuve de la commande et de l&rsquo;ensemble des transactions pass\u00e9es. Les donn\u00e9es enregistr\u00e9es par le syst\u00e8me de paiement constituent la preuve des transactions financi\u00e8res.<\/p>\n<p>&nbsp;<\/p>\n<p class=\"p1\"><b>CLAUSE n\u00b0 3 : Rabais et ristournes<\/b><\/p>\n<p class=\"p1\">Les tarifs propos\u00e9s comprennent les rabais et ristournes que Sandra Coelho serait amen\u00e9e \u00e0 octroyer compte tenu de ses r\u00e9sultats ou de la prise en charge par l\u2019acheteur de certaines prestations.<\/p>\n<p>&nbsp;<\/p>\n<p class=\"p1\"><b>CLAUSE n\u00b0 4 : Escompte<\/b><\/p>\n<p class=\"p1\">Aucun escompte ne sera consenti en cas de paiement anticip\u00e9.<\/p>\n<p>&nbsp;<\/p>\n<p class=\"p1\"><b>CLAUSE n\u00b0 5 : Modalit\u00e9s de paiement<\/b><\/p>\n<p class=\"p1\">Le r\u00e8glement des commandes s\u2019effectue par Paypal, ou ch\u00e8que postal.<\/p>\n<p>&nbsp;<\/p>\n<p class=\"p1\"><b>CLAUSE n\u00b0 6 : Clause de r\u00e9serve de propri\u00e9t\u00e9<\/b><\/p>\n<p class=\"p1\">Sandra Coelho conserve la propri\u00e9t\u00e9 des biens vendus jusqu\u2019au paiement int\u00e9gral du prix.<\/p>\n<p>&nbsp;<\/p>\n<p class=\"p1\"><b>CLAUSE n\u00b0 7 : Livraison<\/b><\/p>\n<p class=\"p1\">La livraison est effectu\u00e9e :<br \/>\n&#8211; soit par la remise directe de la marchandise \u00e0 l\u2019acheteur \u00e0 l\u2019adresse suivante\u00a0: Le Local, 38 rue de la Badouill\u00e8re, 42000 Saint Etienne.<br \/>\n&#8211; soit au lieu indiqu\u00e9 par l\u2019acheteur sur le bon de commande.<br \/>\nLe d\u00e9lai de livraison indiqu\u00e9 lors de l\u2019enregistrement de la commande n\u2019est donn\u00e9 qu\u2019\u00e0 titre indicatif et n\u2019est aucunement garanti.<br \/>\nPar voie de cons\u00e9quence, tout retard raisonnable dans la livraison des produits ne pourra pas donner lieu au profit de l\u2019acheteur \u00e0 : l\u2019allocation de dommages et int\u00e9r\u00eats ;ou \u00e0 l\u2019annulation de la commande.<\/p>\n<p class=\"p3\">En cas de retour du colis \u00e0 Sandra Coelho par le prestataire de livraison, pour mauvaise adresse,\u00a0 colis non r\u00e9clam\u00e9 ou tous autres motifs ayant emp\u00each\u00e9 la bonne livraison du colis.<br \/>\nLe client pourra soit :<\/p>\n<p class=\"p3\">&#8211; \u00eatre rembours\u00e9 de sa commande, sauf les frais initiaux de livraison.<\/p>\n<p class=\"p3\">&#8211; ou pay\u00e9 une nouvelle livraison de 3\u20ac \u00e0 une nouvelle adresse de livraison.<\/p>\n<p class=\"p1\"><b>Le risque du transport est support\u00e9 en totalit\u00e9 par l\u2019acheteur.<\/b><br \/>\nEn cas de marchandises manquantes ou d\u00e9t\u00e9rior\u00e9es lors du transport, l\u2019acheteur devra formuler toutes les r\u00e9serves n\u00e9cessaires sur le bon de commande \u00e0 r\u00e9ception des dites marchandises. Ces r\u00e9serves devront \u00eatre, en outre, confirm\u00e9es par \u00e9crit dans les cinq jours suivant la livraison, par courrier recommand\u00e9 AR.<\/p>\n<p>&nbsp;<\/p>\n<p class=\"p1\"><b>CLAUSE n\u00b0 8 : Force majeure<\/b><br \/>\nLa responsabilit\u00e9 de la Micro Entreprise Sandra Coelho ne pourra pas \u00eatre mise en oeuvre si la non-ex\u00e9cution ou le retard dans l\u2019ex\u00e9cution de l\u2019une de ses obligations d\u00e9crites dans les pr\u00e9sentes conditions g\u00e9n\u00e9rales de vente d\u00e9coule d\u2019un cas de force majeure. \u00c0 ce titre, la force majeure s\u2019entend de tout \u00e9v\u00e9nement ext\u00e9rieur, impr\u00e9visible et irr\u00e9sistible au sens de l\u2019article 1148 du Code civil.<\/p>\n<p>&nbsp;<\/p>\n<p class=\"p1\"><b>CLAUSE n\u00b0 9 : Tribunal comp\u00e9tent<\/b><\/p>\n<p class=\"p1\">Tout litige relatif \u00e0 l\u2019interpr\u00e9tation et \u00e0 l\u2019ex\u00e9cution des pr\u00e9sentes conditions g\u00e9n\u00e9rales de vente est soumis au droit fran\u00e7ais.<br \/>\n\u00c0 d\u00e9faut de r\u00e9solution amiable, le litige sera port\u00e9 devant le Tribunal de commerce de Saint-Etienne.<\/p>\n<p>&nbsp;<\/p>\n<h5 class=\"p1\">Fait \u00e0 Saint-\u00c9tienne, le<span class=\"Apple-converted-space\">\u00a0 <\/span>09 novembre 2019 . Sandra Coelho<\/h5>\n<p>[\/vc_column_text][\/vc_column][vc_column width=\u00a0\u00bb1\/6&Prime;][\/vc_column][\/vc_row][vc_row row_type=\u00a0\u00bbrow\u00a0\u00bb use_row_as_full_screen_section=\u00a0\u00bbno\u00a0\u00bb type=\u00a0\u00bbfull_width\u00a0\u00bb text_align=\u00a0\u00bbleft\u00a0\u00bb background_animation=\u00a0\u00bbnone\u00a0\u00bb css_animation=\u00a0\u00bb\u00a0\u00bb][vc_column][vc_empty_space height=\u00a0\u00bb200px\u00a0\u00bb][\/vc_column][\/vc_row]<\/p>\n","protected":false},"excerpt":{"rendered":"<p>[vc_row row_type=\u00a0\u00bbrow\u00a0\u00bb use_row_as_full_screen_section=\u00a0\u00bbno\u00a0\u00bb type=\u00a0\u00bbfull_width\u00a0\u00bb text_align=\u00a0\u00bbleft\u00a0\u00bb background_animation=\u00a0\u00bbnone\u00a0\u00bb css_animation=\u00a0\u00bb\u00a0\u00bb css=\u00a0\u00bb.vc_custom_1573553174631{margin-right: 20px !important;margin-left: 20px !important;}\u00a0\u00bb][vc_column width=\u00a0\u00bb1\/6&Prime;][\/vc_column][vc_column width=\u00a0\u00bb2\/3&Prime;][vc_column_text] CONDITIONS G\u00c9N\u00c9RALES DE VENTE [\/vc_column_text][vc_empty_space height=\u00a0\u00bb50px\u00a0\u00bb][vc_column_text] CLAUSE n\u00b0 1 : Objet Les conditions g\u00e9n\u00e9rales de vente d\u00e9crites ci-apr\u00e8s d\u00e9taillent les droits et obligations de Sandra Coelho C\u00e9ramique et de son client&#8230;<\/p>\n","protected":false},"author":1,"featured_media":0,"parent":0,"menu_order":22,"comment_status":"closed","ping_status":"closed","template":"","meta":{"_exactmetrics_skip_tracking":false,"_exactmetrics_sitenote_active":false,"_exactmetrics_sitenote_note":"","_exactmetrics_sitenote_category":0,"_monsterinsights_skip_tracking":false,"_monsterinsights_sitenote_active":false,"_monsterinsights_sitenote_note":"","_monsterinsights_sitenote_category":0,"footnotes":""},"class_list":["post-1156","page","type-page","status-publish","hentry"],"yoast_head":"<!-- This site is optimized with the Yoast SEO plugin v23.5 - https:\/\/yoast.com\/wordpress\/plugins\/seo\/ -->\n<title>CGV - Sandra Coelho C\u00e9ramique<\/title>\n<meta name=\"robots\" content=\"index, follow, max-snippet:-1, max-image-preview:large, max-video-preview:-1\" \/>\n<link rel=\"canonical\" href=\"https:\/\/www.coelhosandra.com\/index.php\/cgv-mentions-legales\/\" \/>\n<meta property=\"og:locale\" content=\"fr_FR\" \/>\n<meta property=\"og:type\" content=\"article\" \/>\n<meta property=\"og:title\" content=\"CGV - Sandra Coelho C\u00e9ramique\" \/>\n<meta property=\"og:description\" content=\"[vc_row row_type=\u00a0\u00bbrow\u00a0\u00bb use_row_as_full_screen_section=\u00a0\u00bbno\u00a0\u00bb type=\u00a0\u00bbfull_width\u00a0\u00bb text_align=\u00a0\u00bbleft\u00a0\u00bb background_animation=\u00a0\u00bbnone\u00a0\u00bb css_animation=\u00a0\u00bb\u00a0\u00bb css=\u00a0\u00bb.vc_custom_1573553174631{margin-right: 20px !important;margin-left: 20px !important;}\u00a0\u00bb][vc_column width=\u00a0\u00bb1\/6&Prime;][\/vc_column][vc_column width=\u00a0\u00bb2\/3&Prime;][vc_column_text] CONDITIONS G\u00c9N\u00c9RALES DE VENTE [\/vc_column_text][vc_empty_space height=\u00a0\u00bb50px\u00a0\u00bb][vc_column_text] CLAUSE n\u00b0 1 : Objet Les conditions g\u00e9n\u00e9rales de vente d\u00e9crites ci-apr\u00e8s d\u00e9taillent les droits et obligations de Sandra Coelho C\u00e9ramique et de son client...\" \/>\n<meta property=\"og:url\" content=\"https:\/\/www.coelhosandra.com\/index.php\/cgv-mentions-legales\/\" \/>\n<meta property=\"og:site_name\" content=\"Sandra Coelho C\u00e9ramique\" \/>\n<meta property=\"article:publisher\" content=\"https:\/\/www.facebook.com\/sandracoelhoceramique\" \/>\n<meta property=\"article:modified_time\" content=\"2019-11-14T09:43:36+00:00\" \/>\n<meta name=\"twitter:card\" content=\"summary_large_image\" \/>\n<meta name=\"twitter:label1\" content=\"Dur\u00e9e de lecture estim\u00e9e\" \/>\n\t<meta name=\"twitter:data1\" content=\"5 minutes\" \/>\n<script type=\"application\/ld+json\" class=\"yoast-schema-graph\">{\"@context\":\"https:\/\/schema.org\",\"@graph\":[{\"@type\":\"WebPage\",\"@id\":\"https:\/\/www.coelhosandra.com\/index.php\/cgv-mentions-legales\/\",\"url\":\"https:\/\/www.coelhosandra.com\/index.php\/cgv-mentions-legales\/\",\"name\":\"CGV - Sandra Coelho C\u00e9ramique\",\"isPartOf\":{\"@id\":\"https:\/\/www.coelhosandra.com\/#website\"},\"datePublished\":\"2019-11-05T13:04:10+00:00\",\"dateModified\":\"2019-11-14T09:43:36+00:00\",\"breadcrumb\":{\"@id\":\"https:\/\/www.coelhosandra.com\/index.php\/cgv-mentions-legales\/#breadcrumb\"},\"inLanguage\":\"fr-FR\",\"potentialAction\":[{\"@type\":\"ReadAction\",\"target\":[\"https:\/\/www.coelhosandra.com\/index.php\/cgv-mentions-legales\/\"]}]},{\"@type\":\"BreadcrumbList\",\"@id\":\"https:\/\/www.coelhosandra.com\/index.php\/cgv-mentions-legales\/#breadcrumb\",\"itemListElement\":[{\"@type\":\"ListItem\",\"position\":1,\"name\":\"Accueil\",\"item\":\"https:\/\/www.coelhosandra.com\/\"},{\"@type\":\"ListItem\",\"position\":2,\"name\":\"CGV\"}]},{\"@type\":\"WebSite\",\"@id\":\"https:\/\/www.coelhosandra.com\/#website\",\"url\":\"https:\/\/www.coelhosandra.com\/\",\"name\":\"Sandra Coelho C\u00e9ramique\",\"description\":\"\",\"publisher\":{\"@id\":\"https:\/\/www.coelhosandra.com\/#organization\"},\"potentialAction\":[{\"@type\":\"SearchAction\",\"target\":{\"@type\":\"EntryPoint\",\"urlTemplate\":\"https:\/\/www.coelhosandra.com\/?s={search_term_string}\"},\"query-input\":{\"@type\":\"PropertyValueSpecification\",\"valueRequired\":true,\"valueName\":\"search_term_string\"}}],\"inLanguage\":\"fr-FR\"},{\"@type\":\"Organization\",\"@id\":\"https:\/\/www.coelhosandra.com\/#organization\",\"name\":\"Sandra Coelho C\u00e9ramique\",\"url\":\"https:\/\/www.coelhosandra.com\/\",\"logo\":{\"@type\":\"ImageObject\",\"inLanguage\":\"fr-FR\",\"@id\":\"https:\/\/www.coelhosandra.com\/#\/schema\/logo\/image\/\",\"url\":\"https:\/\/www.coelhosandra.com\/wp-content\/uploads\/2019\/10\/logov4.png\",\"contentUrl\":\"https:\/\/www.coelhosandra.com\/wp-content\/uploads\/2019\/10\/logov4.png\",\"width\":546,\"height\":556,\"caption\":\"Sandra Coelho C\u00e9ramique\"},\"image\":{\"@id\":\"https:\/\/www.coelhosandra.com\/#\/schema\/logo\/image\/\"},\"sameAs\":[\"https:\/\/www.facebook.com\/sandracoelhoceramique\",\"https:\/\/www.instagram.com\/sandracoelhoceramique\/\"]}]}<\/script>\n<!-- \/ Yoast SEO plugin. -->","yoast_head_json":{"title":"CGV - Sandra Coelho C\u00e9ramique","robots":{"index":"index","follow":"follow","max-snippet":"max-snippet:-1","max-image-preview":"max-image-preview:large","max-video-preview":"max-video-preview:-1"},"canonical":"https:\/\/www.coelhosandra.com\/index.php\/cgv-mentions-legales\/","og_locale":"fr_FR","og_type":"article","og_title":"CGV - Sandra Coelho C\u00e9ramique","og_description":"[vc_row row_type=\u00a0\u00bbrow\u00a0\u00bb use_row_as_full_screen_section=\u00a0\u00bbno\u00a0\u00bb type=\u00a0\u00bbfull_width\u00a0\u00bb text_align=\u00a0\u00bbleft\u00a0\u00bb background_animation=\u00a0\u00bbnone\u00a0\u00bb css_animation=\u00a0\u00bb\u00a0\u00bb css=\u00a0\u00bb.vc_custom_1573553174631{margin-right: 20px !important;margin-left: 20px !important;}\u00a0\u00bb][vc_column width=\u00a0\u00bb1\/6&Prime;][\/vc_column][vc_column width=\u00a0\u00bb2\/3&Prime;][vc_column_text] CONDITIONS G\u00c9N\u00c9RALES DE VENTE [\/vc_column_text][vc_empty_space height=\u00a0\u00bb50px\u00a0\u00bb][vc_column_text] CLAUSE n\u00b0 1 : Objet Les conditions g\u00e9n\u00e9rales de vente d\u00e9crites ci-apr\u00e8s d\u00e9taillent les droits et obligations de Sandra Coelho C\u00e9ramique et de son client...","og_url":"https:\/\/www.coelhosandra.com\/index.php\/cgv-mentions-legales\/","og_site_name":"Sandra Coelho C\u00e9ramique","article_publisher":"https:\/\/www.facebook.com\/sandracoelhoceramique","article_modified_time":"2019-11-14T09:43:36+00:00","twitter_card":"summary_large_image","twitter_misc":{"Dur\u00e9e de lecture estim\u00e9e":"5 minutes"},"schema":{"@context":"https:\/\/schema.org","@graph":[{"@type":"WebPage","@id":"https:\/\/www.coelhosandra.com\/index.php\/cgv-mentions-legales\/","url":"https:\/\/www.coelhosandra.com\/index.php\/cgv-mentions-legales\/","name":"CGV - Sandra Coelho C\u00e9ramique","isPartOf":{"@id":"https:\/\/www.coelhosandra.com\/#website"},"datePublished":"2019-11-05T13:04:10+00:00","dateModified":"2019-11-14T09:43:36+00:00","breadcrumb":{"@id":"https:\/\/www.coelhosandra.com\/index.php\/cgv-mentions-legales\/#breadcrumb"},"inLanguage":"fr-FR","potentialAction":[{"@type":"ReadAction","target":["https:\/\/www.coelhosandra.com\/index.php\/cgv-mentions-legales\/"]}]},{"@type":"BreadcrumbList","@id":"https:\/\/www.coelhosandra.com\/index.php\/cgv-mentions-legales\/#breadcrumb","itemListElement":[{"@type":"ListItem","position":1,"name":"Accueil","item":"https:\/\/www.coelhosandra.com\/"},{"@type":"ListItem","position":2,"name":"CGV"}]},{"@type":"WebSite","@id":"https:\/\/www.coelhosandra.com\/#website","url":"https:\/\/www.coelhosandra.com\/","name":"Sandra Coelho C\u00e9ramique","description":"","publisher":{"@id":"https:\/\/www.coelhosandra.com\/#organization"},"potentialAction":[{"@type":"SearchAction","target":{"@type":"EntryPoint","urlTemplate":"https:\/\/www.coelhosandra.com\/?s={search_term_string}"},"query-input":{"@type":"PropertyValueSpecification","valueRequired":true,"valueName":"search_term_string"}}],"inLanguage":"fr-FR"},{"@type":"Organization","@id":"https:\/\/www.coelhosandra.com\/#organization","name":"Sandra Coelho C\u00e9ramique","url":"https:\/\/www.coelhosandra.com\/","logo":{"@type":"ImageObject","inLanguage":"fr-FR","@id":"https:\/\/www.coelhosandra.com\/#\/schema\/logo\/image\/","url":"https:\/\/www.coelhosandra.com\/wp-content\/uploads\/2019\/10\/logov4.png","contentUrl":"https:\/\/www.coelhosandra.com\/wp-content\/uploads\/2019\/10\/logov4.png","width":546,"height":556,"caption":"Sandra Coelho C\u00e9ramique"},"image":{"@id":"https:\/\/www.coelhosandra.com\/#\/schema\/logo\/image\/"},"sameAs":["https:\/\/www.facebook.com\/sandracoelhoceramique","https:\/\/www.instagram.com\/sandracoelhoceramique\/"]}]}},"_links":{"self":[{"href":"https:\/\/www.coelhosandra.com\/index.php\/wp-json\/wp\/v2\/pages\/1156","targetHints":{"allow":["GET"]}}],"collection":[{"href":"https:\/\/www.coelhosandra.com\/index.php\/wp-json\/wp\/v2\/pages"}],"about":[{"href":"https:\/\/www.coelhosandra.com\/index.php\/wp-json\/wp\/v2\/types\/page"}],"author":[{"embeddable":true,"href":"https:\/\/www.coelhosandra.com\/index.php\/wp-json\/wp\/v2\/users\/1"}],"replies":[{"embeddable":true,"href":"https:\/\/www.coelhosandra.com\/index.php\/wp-json\/wp\/v2\/comments?post=1156"}],"version-history":[{"count":20,"href":"https:\/\/www.coelhosandra.com\/index.php\/wp-json\/wp\/v2\/pages\/1156\/revisions"}],"predecessor-version":[{"id":1887,"href":"https:\/\/www.coelhosandra.com\/index.php\/wp-json\/wp\/v2\/pages\/1156\/revisions\/1887"}],"wp:attachment":[{"href":"https:\/\/www.coelhosandra.com\/index.php\/wp-json\/wp\/v2\/media?parent=1156"}],"curies":[{"name":"wp","href":"https:\/\/api.w.org\/{rel}","templated":true}]}}