{"id":128,"date":"2019-10-11T12:31:39","date_gmt":"2019-10-11T10:31:39","guid":{"rendered":"http:\/\/itxwsqw.cluster020.hosting.ovh.net\/sandra\/?page_id=128"},"modified":"2024-01-12T15:17:19","modified_gmt":"2024-01-12T14:17:19","slug":"a-propos","status":"publish","type":"page","link":"https:\/\/www.coelhosandra.com\/index.php\/a-propos\/","title":{"rendered":"\u00c0 propos"},"content":{"rendered":"<p>[vc_row row_type=\u00a0\u00bbrow\u00a0\u00bb use_row_as_full_screen_section=\u00a0\u00bbno\u00a0\u00bb type=\u00a0\u00bbfull_width\u00a0\u00bb text_align=\u00a0\u00bbleft\u00a0\u00bb background_animation=\u00a0\u00bbnone\u00a0\u00bb css_animation=\u00a0\u00bb\u00a0\u00bb css=\u00a0\u00bb.vc_custom_1573201109884{margin-right: 20px !important;margin-left: 20px !important;}\u00a0\u00bb][vc_column width=\u00a0\u00bb1\/2&Prime;][vc_single_image image=\u00a0\u00bb1173&Prime; img_size=\u00a0\u00bbmedium\u00a0\u00bb alignment=\u00a0\u00bbcenter\u00a0\u00bb style=\u00a0\u00bbvc_box_circle_2&Prime; qode_css_animation=\u00a0\u00bb\u00a0\u00bb][vc_empty_space height=\u00a0\u00bb30px\u00a0\u00bb][vc_column_text]<\/p>\n<p style=\"text-align: center;\">SANDRA COELHO<\/p>\n<p>[\/vc_column_text][vc_empty_space height=\u00a0\u00bb60px\u00a0\u00bb][vc_column_text]<\/p>\n<h6 style=\"text-align: center;\"><a href=\"https:\/\/www.instagram.com\/sandracoelhoceramique\/\"><strong>Atelier \u00ab\u00a0La Petite Chazaly\u00a0\u00bb<\/strong><\/a><br \/>\n700 chemin de Repois, 42220 Saint-Sauveur En Rue<\/h6>\n<h6 style=\"text-align: center;\"><\/h6>\n<h6 style=\"text-align: center;\"><\/h6>\n<p>&nbsp;<\/p>\n<h6 style=\"text-align: center;\"><strong><a href=\"http:\/\/www.artediem-ceramique.fr\" target=\"_blank\" rel=\"noopener noreferrer\">ASSOCIATION ARTE DIEM<\/a><\/strong><br \/>\n05 rue de Bretagne, 42400 Saint-Chamond<\/h6>\n<p>[\/vc_column_text][vc_empty_space][vc_video link=\u00a0\u00bbhttps:\/\/vimeo.com\/376634391&Prime; el_width=\u00a0\u00bb70&Prime; el_aspect=\u00a0\u00bb43&Prime; align=\u00a0\u00bbcenter\u00a0\u00bb][vc_empty_space][\/vc_column][vc_column width=\u00a0\u00bb1\/2&Prime;][vc_column_text]<strong><span style=\"font-family: arial, sans-serif;\">\u2022 C\u00e9ramiste professionnelle install\u00e9e proche de Saint-\u00c9tienne depuis 2015,<\/span><\/strong><span style=\"font-family: arial, sans-serif;\"> j&rsquo;ai parmi d&rsquo;autres formations, suivi un Dipl\u00f4me des M\u00e9tiers d&rsquo;Art C\u00e9ramique de deux ans \u00e0 Antibes.\u00a0<\/span><span style=\"font-family: arial, sans-serif;\">Je con\u00e7ois principalement des pi\u00e8ces utilitaires en porcelaine et en gr\u00e8s aux motifs graphiques et color\u00e9s.\u00a0<\/span><span style=\"font-family: arial, sans-serif;\">Chaque pi\u00e8ce est fa\u00e7onn\u00e9e et d\u00e9cor\u00e9e \u00e0 la main puis cuit dans un four \u00e9lectrique en oxydation jusqu&rsquo;\u00e0 1280\u00b0c.<\/span>[\/vc_column_text][vc_empty_space][vc_column_text]<strong><span style=\"font-family: arial, sans-serif;\">\u2022 J&rsquo;utilise le tournage, le moulage, mais aussi l&rsquo;estampage pour r\u00e9aliser mes cr\u00e9ations.\u00a0<\/span><\/strong><span style=\"font-family: arial, sans-serif;\">J&rsquo;aime varier mes techniques mais aussi mes d\u00e9cors, souvent inspir\u00e9 de mes go\u00fbts\u00a0<\/span><span style=\"font-family: arial, sans-serif;\">pour les tissus. Ceux-ci sont r\u00e9alis\u00e9s \u00e0 partir d&rsquo;engobes et de colorants.\u00a0<\/span><span style=\"font-family: arial, sans-serif;\">J&rsquo;utilise des formes nettes pour mettre en valeur mon travail de d\u00e9cor. Celui-ci poss\u00e8de une part d&rsquo; al\u00e9atoire, il se cr\u00e9\u00e9 et se d\u00e9veloppe naturellement et rend chaque pi\u00e8ce unique. Pour mettre en avant l&rsquo;aspect pictural, je joue sur la\u00a0<\/span><span style=\"font-family: arial, sans-serif;\">bichromie ou la trichromie, tout en laissant une place \u00e0 la sobri\u00e9t\u00e9.\u00a0<\/span>[\/vc_column_text][vc_empty_space][vc_column_text]<span style=\"font-family: arial, sans-serif;\"><strong>\u2022 J&rsquo;utilise \u00e9galement une nouvelle technique de d\u00e9cor, celle du transfert \u00e0 partir de motifs s\u00e9rigraphi\u00e9s.<\/strong>\u00a0<\/span><span style=\"font-family: arial, sans-serif;\">L&rsquo;ensemble de mes pi\u00e8ces sont en constante \u00e9volution, toujours en suivant mes d\u00e9sirs de s&rsquo;int\u00e9grer au mieux \u00e0 notre quotidien.\u00a0<\/span>[\/vc_column_text][vc_empty_space][vc_column_text]<span style=\"font-family: arial, sans-serif;\"><strong>\u2022 En parall\u00e8le de ma production artisanale, je donne des cours de poterie \u00e0 l&rsquo;ann\u00e9e ou ponctuellement aux adultes, enfants ou structures vari\u00e9es.<\/strong> Ces cours et stages ont lieux dans mon atelier mais aussi pour l&rsquo;association <a href=\"http:\/\/www.artediem-ceramique.fr\" target=\"_blank\" rel=\"noopener noreferrer\"><em>Arte Diem<\/em><\/a> \u00e0 Saint-Chamond (42).\u00a0<\/span><span style=\"font-family: arial, sans-serif;\">J&rsquo;aime transmettre mon savoir et mes techniques aux \u00e9l\u00e8ves qui m&rsquo;entourent.<\/span>[\/vc_column_text][\/vc_column][\/vc_row][vc_row row_type=\u00a0\u00bbrow\u00a0\u00bb use_row_as_full_screen_section=\u00a0\u00bbno\u00a0\u00bb type=\u00a0\u00bbfull_width\u00a0\u00bb text_align=\u00a0\u00bbleft\u00a0\u00bb background_animation=\u00a0\u00bbnone\u00a0\u00bb css_animation=\u00a0\u00bb\u00a0\u00bb][vc_column][vc_empty_space height=\u00a0\u00bb200px\u00a0\u00bb][\/vc_column][\/vc_row]<\/p>\n","protected":false},"excerpt":{"rendered":"<p>[vc_row row_type=\u00a0\u00bbrow\u00a0\u00bb use_row_as_full_screen_section=\u00a0\u00bbno\u00a0\u00bb type=\u00a0\u00bbfull_width\u00a0\u00bb text_align=\u00a0\u00bbleft\u00a0\u00bb background_animation=\u00a0\u00bbnone\u00a0\u00bb css_animation=\u00a0\u00bb\u00a0\u00bb css=\u00a0\u00bb.vc_custom_1573201109884{margin-right: 20px !important;margin-left: 20px !important;}\u00a0\u00bb][vc_column width=\u00a0\u00bb1\/2&Prime;][vc_single_image image=\u00a0\u00bb1173&Prime; img_size=\u00a0\u00bbmedium\u00a0\u00bb alignment=\u00a0\u00bbcenter\u00a0\u00bb style=\u00a0\u00bbvc_box_circle_2&Prime; qode_css_animation=\u00a0\u00bb\u00a0\u00bb][vc_empty_space height=\u00a0\u00bb30px\u00a0\u00bb][vc_column_text] SANDRA COELHO [\/vc_column_text][vc_empty_space height=\u00a0\u00bb60px\u00a0\u00bb][vc_column_text] Atelier \u00ab\u00a0La Petite Chazaly\u00a0\u00bb 700 chemin de Repois, 42220 Saint-Sauveur En Rue &nbsp; ASSOCIATION ARTE DIEM 05 rue de Bretagne, 42400 Saint-Chamond&#8230;<\/p>\n","protected":false},"author":1,"featured_media":0,"parent":0,"menu_order":2,"comment_status":"closed","ping_status":"closed","template":"","meta":{"_exactmetrics_skip_tracking":false,"_exactmetrics_sitenote_active":false,"_exactmetrics_sitenote_note":"","_exactmetrics_sitenote_category":0,"_monsterinsights_skip_tracking":false,"_monsterinsights_sitenote_active":false,"_monsterinsights_sitenote_note":"","_monsterinsights_sitenote_category":0,"footnotes":""},"class_list":["post-128","page","type-page","status-publish","hentry"],"yoast_head":"<!-- This site is optimized with the Yoast SEO plugin v23.5 - https:\/\/yoast.com\/wordpress\/plugins\/seo\/ -->\n<title>\u00c0 propos - Sandra Coelho C\u00e9ramique<\/title>\n<meta name=\"description\" content=\"C\u00e9ramiste Saint Etienne. Fait main, artisanal: vaisselle, d\u00e9co, bijoux en porcelaine. Ventes en ligne et en direct. Stages, cours poterie enfant\/adultes.\" \/>\n<meta name=\"robots\" content=\"index, follow, max-snippet:-1, max-image-preview:large, max-video-preview:-1\" \/>\n<link rel=\"canonical\" href=\"https:\/\/www.coelhosandra.com\/index.php\/a-propos\/\" \/>\n<meta property=\"og:locale\" content=\"fr_FR\" \/>\n<meta property=\"og:type\" content=\"article\" \/>\n<meta property=\"og:title\" content=\"\u00c0 propos - Sandra Coelho C\u00e9ramique\" \/>\n<meta property=\"og:description\" content=\"C\u00e9ramiste Saint Etienne. Fait main, artisanal: vaisselle, d\u00e9co, bijoux en porcelaine. Ventes en ligne et en direct. Stages, cours poterie enfant\/adultes.\" \/>\n<meta property=\"og:url\" content=\"https:\/\/www.coelhosandra.com\/index.php\/a-propos\/\" \/>\n<meta property=\"og:site_name\" content=\"Sandra Coelho C\u00e9ramique\" \/>\n<meta property=\"article:publisher\" content=\"https:\/\/www.facebook.com\/sandracoelhoceramique\" \/>\n<meta property=\"article:modified_time\" content=\"2024-01-12T14:17:19+00:00\" \/>\n<meta name=\"twitter:card\" content=\"summary_large_image\" \/>\n<meta name=\"twitter:label1\" content=\"Dur\u00e9e de lecture estim\u00e9e\" \/>\n\t<meta name=\"twitter:data1\" content=\"2 minutes\" \/>\n<script type=\"application\/ld+json\" class=\"yoast-schema-graph\">{\"@context\":\"https:\/\/schema.org\",\"@graph\":[{\"@type\":\"WebPage\",\"@id\":\"https:\/\/www.coelhosandra.com\/index.php\/a-propos\/\",\"url\":\"https:\/\/www.coelhosandra.com\/index.php\/a-propos\/\",\"name\":\"\u00c0 propos - Sandra Coelho C\u00e9ramique\",\"isPartOf\":{\"@id\":\"https:\/\/www.coelhosandra.com\/#website\"},\"datePublished\":\"2019-10-11T10:31:39+00:00\",\"dateModified\":\"2024-01-12T14:17:19+00:00\",\"description\":\"C\u00e9ramiste Saint Etienne. Fait main, artisanal: vaisselle, d\u00e9co, bijoux en porcelaine. Ventes en ligne et en direct. Stages, cours poterie enfant\/adultes.\",\"breadcrumb\":{\"@id\":\"https:\/\/www.coelhosandra.com\/index.php\/a-propos\/#breadcrumb\"},\"inLanguage\":\"fr-FR\",\"potentialAction\":[{\"@type\":\"ReadAction\",\"target\":[\"https:\/\/www.coelhosandra.com\/index.php\/a-propos\/\"]}]},{\"@type\":\"BreadcrumbList\",\"@id\":\"https:\/\/www.coelhosandra.com\/index.php\/a-propos\/#breadcrumb\",\"itemListElement\":[{\"@type\":\"ListItem\",\"position\":1,\"name\":\"Accueil\",\"item\":\"https:\/\/www.coelhosandra.com\/\"},{\"@type\":\"ListItem\",\"position\":2,\"name\":\"\u00c0 propos\"}]},{\"@type\":\"WebSite\",\"@id\":\"https:\/\/www.coelhosandra.com\/#website\",\"url\":\"https:\/\/www.coelhosandra.com\/\",\"name\":\"Sandra Coelho C\u00e9ramique\",\"description\":\"\",\"publisher\":{\"@id\":\"https:\/\/www.coelhosandra.com\/#organization\"},\"potentialAction\":[{\"@type\":\"SearchAction\",\"target\":{\"@type\":\"EntryPoint\",\"urlTemplate\":\"https:\/\/www.coelhosandra.com\/?s={search_term_string}\"},\"query-input\":{\"@type\":\"PropertyValueSpecification\",\"valueRequired\":true,\"valueName\":\"search_term_string\"}}],\"inLanguage\":\"fr-FR\"},{\"@type\":\"Organization\",\"@id\":\"https:\/\/www.coelhosandra.com\/#organization\",\"name\":\"Sandra Coelho C\u00e9ramique\",\"url\":\"https:\/\/www.coelhosandra.com\/\",\"logo\":{\"@type\":\"ImageObject\",\"inLanguage\":\"fr-FR\",\"@id\":\"https:\/\/www.coelhosandra.com\/#\/schema\/logo\/image\/\",\"url\":\"https:\/\/www.coelhosandra.com\/wp-content\/uploads\/2019\/10\/logov4.png\",\"contentUrl\":\"https:\/\/www.coelhosandra.com\/wp-content\/uploads\/2019\/10\/logov4.png\",\"width\":546,\"height\":556,\"caption\":\"Sandra Coelho C\u00e9ramique\"},\"image\":{\"@id\":\"https:\/\/www.coelhosandra.com\/#\/schema\/logo\/image\/\"},\"sameAs\":[\"https:\/\/www.facebook.com\/sandracoelhoceramique\",\"https:\/\/www.instagram.com\/sandracoelhoceramique\/\"]}]}<\/script>\n<!-- \/ Yoast SEO plugin. -->","yoast_head_json":{"title":"\u00c0 propos - Sandra Coelho C\u00e9ramique","description":"C\u00e9ramiste Saint Etienne. Fait main, artisanal: vaisselle, d\u00e9co, bijoux en porcelaine. Ventes en ligne et en direct. Stages, cours poterie enfant\/adultes.","robots":{"index":"index","follow":"follow","max-snippet":"max-snippet:-1","max-image-preview":"max-image-preview:large","max-video-preview":"max-video-preview:-1"},"canonical":"https:\/\/www.coelhosandra.com\/index.php\/a-propos\/","og_locale":"fr_FR","og_type":"article","og_title":"\u00c0 propos - Sandra Coelho C\u00e9ramique","og_description":"C\u00e9ramiste Saint Etienne. Fait main, artisanal: vaisselle, d\u00e9co, bijoux en porcelaine. Ventes en ligne et en direct. Stages, cours poterie enfant\/adultes.","og_url":"https:\/\/www.coelhosandra.com\/index.php\/a-propos\/","og_site_name":"Sandra Coelho C\u00e9ramique","article_publisher":"https:\/\/www.facebook.com\/sandracoelhoceramique","article_modified_time":"2024-01-12T14:17:19+00:00","twitter_card":"summary_large_image","twitter_misc":{"Dur\u00e9e de lecture estim\u00e9e":"2 minutes"},"schema":{"@context":"https:\/\/schema.org","@graph":[{"@type":"WebPage","@id":"https:\/\/www.coelhosandra.com\/index.php\/a-propos\/","url":"https:\/\/www.coelhosandra.com\/index.php\/a-propos\/","name":"\u00c0 propos - Sandra Coelho C\u00e9ramique","isPartOf":{"@id":"https:\/\/www.coelhosandra.com\/#website"},"datePublished":"2019-10-11T10:31:39+00:00","dateModified":"2024-01-12T14:17:19+00:00","description":"C\u00e9ramiste Saint Etienne. Fait main, artisanal: vaisselle, d\u00e9co, bijoux en porcelaine. Ventes en ligne et en direct. Stages, cours poterie enfant\/adultes.","breadcrumb":{"@id":"https:\/\/www.coelhosandra.com\/index.php\/a-propos\/#breadcrumb"},"inLanguage":"fr-FR","potentialAction":[{"@type":"ReadAction","target":["https:\/\/www.coelhosandra.com\/index.php\/a-propos\/"]}]},{"@type":"BreadcrumbList","@id":"https:\/\/www.coelhosandra.com\/index.php\/a-propos\/#breadcrumb","itemListElement":[{"@type":"ListItem","position":1,"name":"Accueil","item":"https:\/\/www.coelhosandra.com\/"},{"@type":"ListItem","position":2,"name":"\u00c0 propos"}]},{"@type":"WebSite","@id":"https:\/\/www.coelhosandra.com\/#website","url":"https:\/\/www.coelhosandra.com\/","name":"Sandra Coelho C\u00e9ramique","description":"","publisher":{"@id":"https:\/\/www.coelhosandra.com\/#organization"},"potentialAction":[{"@type":"SearchAction","target":{"@type":"EntryPoint","urlTemplate":"https:\/\/www.coelhosandra.com\/?s={search_term_string}"},"query-input":{"@type":"PropertyValueSpecification","valueRequired":true,"valueName":"search_term_string"}}],"inLanguage":"fr-FR"},{"@type":"Organization","@id":"https:\/\/www.coelhosandra.com\/#organization","name":"Sandra Coelho C\u00e9ramique","url":"https:\/\/www.coelhosandra.com\/","logo":{"@type":"ImageObject","inLanguage":"fr-FR","@id":"https:\/\/www.coelhosandra.com\/#\/schema\/logo\/image\/","url":"https:\/\/www.coelhosandra.com\/wp-content\/uploads\/2019\/10\/logov4.png","contentUrl":"https:\/\/www.coelhosandra.com\/wp-content\/uploads\/2019\/10\/logov4.png","width":546,"height":556,"caption":"Sandra Coelho C\u00e9ramique"},"image":{"@id":"https:\/\/www.coelhosandra.com\/#\/schema\/logo\/image\/"},"sameAs":["https:\/\/www.facebook.com\/sandracoelhoceramique","https:\/\/www.instagram.com\/sandracoelhoceramique\/"]}]}},"_links":{"self":[{"href":"https:\/\/www.coelhosandra.com\/index.php\/wp-json\/wp\/v2\/pages\/128","targetHints":{"allow":["GET"]}}],"collection":[{"href":"https:\/\/www.coelhosandra.com\/index.php\/wp-json\/wp\/v2\/pages"}],"about":[{"href":"https:\/\/www.coelhosandra.com\/index.php\/wp-json\/wp\/v2\/types\/page"}],"author":[{"embeddable":true,"href":"https:\/\/www.coelhosandra.com\/index.php\/wp-json\/wp\/v2\/users\/1"}],"replies":[{"embeddable":true,"href":"https:\/\/www.coelhosandra.com\/index.php\/wp-json\/wp\/v2\/comments?post=128"}],"version-history":[{"count":121,"href":"https:\/\/www.coelhosandra.com\/index.php\/wp-json\/wp\/v2\/pages\/128\/revisions"}],"predecessor-version":[{"id":3113,"href":"https:\/\/www.coelhosandra.com\/index.php\/wp-json\/wp\/v2\/pages\/128\/revisions\/3113"}],"wp:attachment":[{"href":"https:\/\/www.coelhosandra.com\/index.php\/wp-json\/wp\/v2\/media?parent=128"}],"curies":[{"name":"wp","href":"https:\/\/api.w.org\/{rel}","templated":true}]}}