{"id":1380,"date":"2019-11-06T13:08:31","date_gmt":"2019-11-06T12:08:31","guid":{"rendered":"http:\/\/itxwsqw.cluster020.hosting.ovh.net\/sandra\/?page_id=1380"},"modified":"2019-11-14T10:43:41","modified_gmt":"2019-11-14T09:43:41","slug":"mentions-legales","status":"publish","type":"page","link":"https:\/\/www.coelhosandra.com\/index.php\/mentions-legales\/","title":{"rendered":"Mentions l\u00e9gales"},"content":{"rendered":"<p>[vc_row row_type=\u00a0\u00bbrow\u00a0\u00bb use_row_as_full_screen_section=\u00a0\u00bbno\u00a0\u00bb type=\u00a0\u00bbfull_width\u00a0\u00bb text_align=\u00a0\u00bbleft\u00a0\u00bb background_animation=\u00a0\u00bbnone\u00a0\u00bb css_animation=\u00a0\u00bb\u00a0\u00bb css=\u00a0\u00bb.vc_custom_1573553644326{margin-right: 20px !important;margin-left: 20px !important;}\u00a0\u00bb][vc_column width=\u00a0\u00bb1\/6&Prime;][\/vc_column][vc_column width=\u00a0\u00bb2\/3&Prime;][vc_column_text]<\/p>\n<h1 style=\"text-align: center;\">MENTIONS L\u00c9GALES<\/h1>\n<p>[\/vc_column_text][vc_empty_space height=\u00a0\u00bb50px\u00a0\u00bb][vc_column_text]<\/p>\n<h6 class=\"p1\"><b>Pr\u00e9sentation du site :<\/b><br \/>\nConform\u00e9ment aux dispositions des articles 6-III et 19 de la Loi n\u00b0 2004-575 du 21 juin 2004 pour la Confiance dans l\u2019\u00e9conomie num\u00e9rique, dite L.C.E.N., nous portons \u00e0 la connaissance des utilisateurs et visiteurs du site : www.coelhosandra.com les informations suivantes :<br \/>\n<b><\/b><\/h6>\n<h6><\/h6>\n<p>&nbsp;<\/p>\n<h6 class=\"p1\"><b>* Informations l\u00e9gales :<br \/>\n\u2022 Statut du propri\u00e9taire : <\/b>Dirigeant Micro Entreprise<b><br \/>\n\u2022 Pr\u00e9fixe : <\/b>Auto-entrepreneur<b><br \/>\n\u2022 Nom de la Soci\u00e9t\u00e9 : <\/b>Sandra Coelho C\u00e9ramique<b><br \/>\n\u2022 Adresse : <\/b>Le local \u2013 38 rue de la badouill\u00e8re 42000 Saint-\u00c9tienne<b><br \/>\n\u2022 T\u00e9l : <\/b>06 03 53 28 47<b><br \/>\n\u2022 SIRET : <\/b>81226581700013 TVA non applicable en vertu de l\u2019article 293B du CGI.<br \/>\n<strong>\u2022 Adresse de courrier \u00e9lectronique :<br \/>\n<\/strong>coelhosandracreation@gmail.com<br \/>\n<strong>\u2022 Le Responsable de la publication est :<\/strong>\u00a0Sandra Coelho<br \/>\nContactez le responsable de la publication : <span class=\"s1\">coelhosandracreation@gmail.com<\/span>. Le responsable de la publication est une personne physique<br \/>\n<strong>\u2022\u00a0Conception &amp; d\u00e9veloppement\u00a0: <\/strong>Atelier Pers (contact@atelier-pers.fr)<br \/>\n<strong>\u2022 L\u2019h\u00e9bergeur du site est :<\/strong> OVH<br \/>\n<strong>\u2022 Cr\u00e9dits :<\/strong> Photos\u00a0: Sandra Coelho\u00a0; Gabriel Badin\u00a0; Sophie Court \/ Vid\u00e9o\u00a0: Julia Angelou \/ Son\u00a0: Anzu<\/h6>\n<p>&nbsp;<\/p>\n<h6 class=\"p1\"><b>Description des services fournis :<\/b><br \/>\nLe site www.coelhosandra.com a pour objet de fournir une information concernant l\u2019ensemble des activit\u00e9s de la soci\u00e9t\u00e9.<br \/>\nLe propri\u00e9taire du site s\u2019efforce de fournir sur le site www.coelhosandra.com des informations aussi pr\u00e9cises que possible. Toutefois, il ne pourra \u00eatre tenue responsable des omissions, des inexactitudes et des carences dans la mise \u00e0 jour, qu\u2019elles soient de son fait ou du fait des tiers partenaires qui lui fournissent ces informations.<br \/>\nToutes les informations propos\u00e9es sur le site www.coelhosandra.com sont donn\u00e9es \u00e0 titre indicatif, sont non exhaustives, et sont susceptibles d\u2019\u00e9voluer. Elles sont donn\u00e9es sous r\u00e9serve de modifications ayant \u00e9t\u00e9 apport\u00e9es depuis leur mise en ligne.<\/h6>\n<p>&nbsp;<\/p>\n<h6 class=\"p1\"><b>Propri\u00e9t\u00e9 intellectuelle et contrefa\u00e7ons :<\/b><br \/>\nLe propri\u00e9taire du site est propri\u00e9taire des droits de propri\u00e9t\u00e9 intellectuelle ou d\u00e9tient les droits d\u2019usage sur tous les \u00e9l\u00e9ments accessibles sur le site, notamment les textes, images, graphismes, logo, ic\u00f4nes, sons, logiciels\u2026 Toute reproduction, repr\u00e9sentation, modification, publication, adaptation totale ou partielle des \u00e9l\u00e9ments du site, quel que soit le moyen ou le proc\u00e9d\u00e9 utilis\u00e9, est interdite, sauf autorisation \u00e9crite pr\u00e9alable \u00e0 l\u2019email : coelhosandracreation@gmail.com<br \/>\nToute exploitation non autoris\u00e9e du site ou de l\u2019un quelconque de ces \u00e9l\u00e9ments qu\u2019il contient sera consid\u00e9r\u00e9e comme constitutive d\u2019une contrefa\u00e7on et poursuivie conform\u00e9ment aux dispositions des articles L.335-2 et suivants du Code de Propri\u00e9t\u00e9 Intellectuelle.<\/h6>\n<p>&nbsp;<\/p>\n<h6 class=\"p1\"><b>Liens hypertextes et cookies :<\/b><br \/>\nLe site www.coelhosandra.com contient un certain nombre de liens hypertextes vers d\u2019autres sites (partenaires, informations \u2026) mis en place avec l\u2019autorisation de le propri\u00e9taire du site . Cependant, le propri\u00e9taire du site n\u2019a pas la possibilit\u00e9 de v\u00e9rifier le contenu des sites ainsi visit\u00e9s et d\u00e9cline donc toute responsabilit\u00e9 de ce fait quand aux risques \u00e9ventuels de contenus illicites. L\u2019utilisateur est inform\u00e9 que lors de ses visites sur le site www.coelhosandra.com, un ou des cookies sont susceptible de s\u2019installer automatiquement sur son ordinateur. Un cookie est un fichier de petite taille, qui ne permet pas l\u2019identification de l\u2019utilisateur, mais qui enregistre des informations relatives \u00e0 la navigation d\u2019un ordinateur sur un site. Les donn\u00e9es ainsi obtenues visent \u00e0 faciliter la navigation ult\u00e9rieure sur le site, et ont \u00e9galement vocation \u00e0 permettre diverses mesures de fr\u00e9quentation.<br \/>\nLe param\u00e9trage du logiciel de navigation permet d\u2019informer de la pr\u00e9sence de cookie et \u00e9ventuellement, de refuser de la mani\u00e8re d\u00e9crite \u00e0 l\u2019adresse suivante : www.cnil.fr<br \/>\nLe refus d\u2019installation d\u2019un cookie peut entra\u00eener l\u2019impossibilit\u00e9 d\u2019acc\u00e9der \u00e0 certains services. L\u2019utilisateur peut toutefois configurer son ordinateur de la mani\u00e8re suivante, pour refuser l\u2019installation des cookies :<br \/>\n\u2022 Sous Internet Explorer : onglet outil \/ options internet. Cliquez sur Confidentialit\u00e9 et choisissez Bloquer tous les cookies. Validez sur Ok.<br \/>\n\u2022 Sous Netscape : onglet \u00e9dition \/ pr\u00e9f\u00e9rences. Cliquez sur Avanc\u00e9es et choisissez D\u00e9sactiver les cookies. Validez sur Ok.<\/h6>\n<p>&nbsp;<\/p>\n<h6 class=\"p1\"><b>Protection des biens et des personnes \u2013 gestion des donn\u00e9es personnelles :\u00a0<\/b>Utilisateur : Internaute se connectant, utilisant le site susnomm\u00e9 : www.coelhosandra.com. En France, les donn\u00e9es personnelles sont notamment prot\u00e9g\u00e9es par la loi n\u00b0 78-87 du 6 janvier 1978, la loi n\u00b0 2004-801 du 6 ao\u00fbt 2004, l\u2019article L. 226-13 du Code p\u00e9nal et la Directive Europ\u00e9enne du 24 octobre 1995.<br \/>\nSur le site www.coelhosandra.com, le propri\u00e9taire du site ne collecte des informations personnelles relatives \u00e0 l\u2019utilisateur que pour le besoin de certains services propos\u00e9s par le site www.coelhosandra.com. L\u2019utilisateur fournit ces informations en toute connaissance de cause, notamment lorsqu\u2019il proc\u00e8de par lui-m\u00eame \u00e0 leur saisie. Il est alors pr\u00e9cis\u00e9 \u00e0 l\u2019utilisateur du site www.coelhosandra.com l\u2019obligation ou non de fournir ces informations.<br \/>\nConform\u00e9ment aux dispositions des articles 38 et suivants de la loi 78-17 du 6 janvier 1978 relative \u00e0 l\u2019informatique, aux fichiers et aux libert\u00e9s, tout utilisateur dispose d\u2019un droit d\u2019acc\u00e8s, de rectification, de suppression et d\u2019opposition aux donn\u00e9es personnelles le concernant. Pour l\u2019exercer, adressez votre demande \u00e0 www.coelhosandra.com par email : email du webmaster ou en effectuant sa demande \u00e9crite et sign\u00e9e, accompagn\u00e9e d\u2019une copie du titre d\u2019identit\u00e9 avec signature du titulaire de la pi\u00e8ce, en pr\u00e9cisant l\u2019adresse \u00e0 laquelle la r\u00e9ponse doit \u00eatre envoy\u00e9e.<br \/>\nAucune information personnelle de l\u2019utilisateur du site www.coelhosandra.com n\u2019est publi\u00e9e \u00e0 l\u2019insu de l\u2019utilisateur, \u00e9chang\u00e9e, transf\u00e9r\u00e9e, c\u00e9d\u00e9e ou vendue sur un support quelconque \u00e0 des tiers. Seule l\u2019hypoth\u00e8se du rachat du site www.coelhosandra.com au propri\u00e9taire du site et de ses droits permettrait la transmission des dites informations \u00e0 l\u2019\u00e9ventuel acqu\u00e9reur qui serait \u00e0 son tour tenu de la m\u00eame obligation de conservation et de modification des donn\u00e9es vis \u00e0 vis de l\u2019utilisateur du site www.coelhosandra.com.<\/h6>\n<p>[\/vc_column_text][vc_empty_space height=\u00a0\u00bb200px\u00a0\u00bb][\/vc_column][vc_column width=\u00a0\u00bb1\/6&Prime;][\/vc_column][\/vc_row]<\/p>\n","protected":false},"excerpt":{"rendered":"<p>[vc_row row_type=\u00a0\u00bbrow\u00a0\u00bb use_row_as_full_screen_section=\u00a0\u00bbno\u00a0\u00bb type=\u00a0\u00bbfull_width\u00a0\u00bb text_align=\u00a0\u00bbleft\u00a0\u00bb background_animation=\u00a0\u00bbnone\u00a0\u00bb css_animation=\u00a0\u00bb\u00a0\u00bb css=\u00a0\u00bb.vc_custom_1573553644326{margin-right: 20px !important;margin-left: 20px !important;}\u00a0\u00bb][vc_column width=\u00a0\u00bb1\/6&Prime;][\/vc_column][vc_column width=\u00a0\u00bb2\/3&Prime;][vc_column_text] MENTIONS L\u00c9GALES [\/vc_column_text][vc_empty_space height=\u00a0\u00bb50px\u00a0\u00bb][vc_column_text] Pr\u00e9sentation du site : Conform\u00e9ment aux dispositions des articles 6-III et 19 de la Loi n\u00b0 2004-575 du 21 juin 2004 pour la Confiance dans l\u2019\u00e9conomie num\u00e9rique,&#8230;<\/p>\n","protected":false},"author":1,"featured_media":0,"parent":0,"menu_order":23,"comment_status":"closed","ping_status":"closed","template":"","meta":{"_exactmetrics_skip_tracking":false,"_exactmetrics_sitenote_active":false,"_exactmetrics_sitenote_note":"","_exactmetrics_sitenote_category":0,"_monsterinsights_skip_tracking":false,"_monsterinsights_sitenote_active":false,"_monsterinsights_sitenote_note":"","_monsterinsights_sitenote_category":0,"footnotes":""},"class_list":["post-1380","page","type-page","status-publish","hentry"],"yoast_head":"<!-- This site is optimized with the Yoast SEO plugin v23.5 - https:\/\/yoast.com\/wordpress\/plugins\/seo\/ -->\n<title>Mentions l\u00e9gales - Sandra Coelho C\u00e9ramique<\/title>\n<meta name=\"robots\" content=\"index, follow, max-snippet:-1, max-image-preview:large, max-video-preview:-1\" \/>\n<link rel=\"canonical\" href=\"https:\/\/www.coelhosandra.com\/index.php\/mentions-legales\/\" \/>\n<meta property=\"og:locale\" content=\"fr_FR\" \/>\n<meta property=\"og:type\" content=\"article\" \/>\n<meta property=\"og:title\" content=\"Mentions l\u00e9gales - Sandra Coelho C\u00e9ramique\" \/>\n<meta property=\"og:description\" content=\"[vc_row row_type=\u00a0\u00bbrow\u00a0\u00bb use_row_as_full_screen_section=\u00a0\u00bbno\u00a0\u00bb type=\u00a0\u00bbfull_width\u00a0\u00bb text_align=\u00a0\u00bbleft\u00a0\u00bb background_animation=\u00a0\u00bbnone\u00a0\u00bb css_animation=\u00a0\u00bb\u00a0\u00bb css=\u00a0\u00bb.vc_custom_1573553644326{margin-right: 20px !important;margin-left: 20px !important;}\u00a0\u00bb][vc_column width=\u00a0\u00bb1\/6&Prime;][\/vc_column][vc_column width=\u00a0\u00bb2\/3&Prime;][vc_column_text] MENTIONS L\u00c9GALES [\/vc_column_text][vc_empty_space height=\u00a0\u00bb50px\u00a0\u00bb][vc_column_text] Pr\u00e9sentation du site : Conform\u00e9ment aux dispositions des articles 6-III et 19 de la Loi n\u00b0 2004-575 du 21 juin 2004 pour la Confiance dans l\u2019\u00e9conomie num\u00e9rique,...\" \/>\n<meta property=\"og:url\" content=\"https:\/\/www.coelhosandra.com\/index.php\/mentions-legales\/\" \/>\n<meta property=\"og:site_name\" content=\"Sandra Coelho C\u00e9ramique\" \/>\n<meta property=\"article:publisher\" content=\"https:\/\/www.facebook.com\/sandracoelhoceramique\" \/>\n<meta property=\"article:modified_time\" content=\"2019-11-14T09:43:41+00:00\" \/>\n<meta name=\"twitter:card\" content=\"summary_large_image\" \/>\n<meta name=\"twitter:label1\" content=\"Dur\u00e9e de lecture estim\u00e9e\" \/>\n\t<meta name=\"twitter:data1\" content=\"5 minutes\" \/>\n<script type=\"application\/ld+json\" class=\"yoast-schema-graph\">{\"@context\":\"https:\/\/schema.org\",\"@graph\":[{\"@type\":\"WebPage\",\"@id\":\"https:\/\/www.coelhosandra.com\/index.php\/mentions-legales\/\",\"url\":\"https:\/\/www.coelhosandra.com\/index.php\/mentions-legales\/\",\"name\":\"Mentions l\u00e9gales - Sandra Coelho C\u00e9ramique\",\"isPartOf\":{\"@id\":\"https:\/\/www.coelhosandra.com\/#website\"},\"datePublished\":\"2019-11-06T12:08:31+00:00\",\"dateModified\":\"2019-11-14T09:43:41+00:00\",\"breadcrumb\":{\"@id\":\"https:\/\/www.coelhosandra.com\/index.php\/mentions-legales\/#breadcrumb\"},\"inLanguage\":\"fr-FR\",\"potentialAction\":[{\"@type\":\"ReadAction\",\"target\":[\"https:\/\/www.coelhosandra.com\/index.php\/mentions-legales\/\"]}]},{\"@type\":\"BreadcrumbList\",\"@id\":\"https:\/\/www.coelhosandra.com\/index.php\/mentions-legales\/#breadcrumb\",\"itemListElement\":[{\"@type\":\"ListItem\",\"position\":1,\"name\":\"Accueil\",\"item\":\"https:\/\/www.coelhosandra.com\/\"},{\"@type\":\"ListItem\",\"position\":2,\"name\":\"Mentions l\u00e9gales\"}]},{\"@type\":\"WebSite\",\"@id\":\"https:\/\/www.coelhosandra.com\/#website\",\"url\":\"https:\/\/www.coelhosandra.com\/\",\"name\":\"Sandra Coelho C\u00e9ramique\",\"description\":\"\",\"publisher\":{\"@id\":\"https:\/\/www.coelhosandra.com\/#organization\"},\"potentialAction\":[{\"@type\":\"SearchAction\",\"target\":{\"@type\":\"EntryPoint\",\"urlTemplate\":\"https:\/\/www.coelhosandra.com\/?s={search_term_string}\"},\"query-input\":{\"@type\":\"PropertyValueSpecification\",\"valueRequired\":true,\"valueName\":\"search_term_string\"}}],\"inLanguage\":\"fr-FR\"},{\"@type\":\"Organization\",\"@id\":\"https:\/\/www.coelhosandra.com\/#organization\",\"name\":\"Sandra Coelho C\u00e9ramique\",\"url\":\"https:\/\/www.coelhosandra.com\/\",\"logo\":{\"@type\":\"ImageObject\",\"inLanguage\":\"fr-FR\",\"@id\":\"https:\/\/www.coelhosandra.com\/#\/schema\/logo\/image\/\",\"url\":\"https:\/\/www.coelhosandra.com\/wp-content\/uploads\/2019\/10\/logov4.png\",\"contentUrl\":\"https:\/\/www.coelhosandra.com\/wp-content\/uploads\/2019\/10\/logov4.png\",\"width\":546,\"height\":556,\"caption\":\"Sandra Coelho C\u00e9ramique\"},\"image\":{\"@id\":\"https:\/\/www.coelhosandra.com\/#\/schema\/logo\/image\/\"},\"sameAs\":[\"https:\/\/www.facebook.com\/sandracoelhoceramique\",\"https:\/\/www.instagram.com\/sandracoelhoceramique\/\"]}]}<\/script>\n<!-- \/ Yoast SEO plugin. -->","yoast_head_json":{"title":"Mentions l\u00e9gales - Sandra Coelho C\u00e9ramique","robots":{"index":"index","follow":"follow","max-snippet":"max-snippet:-1","max-image-preview":"max-image-preview:large","max-video-preview":"max-video-preview:-1"},"canonical":"https:\/\/www.coelhosandra.com\/index.php\/mentions-legales\/","og_locale":"fr_FR","og_type":"article","og_title":"Mentions l\u00e9gales - Sandra Coelho C\u00e9ramique","og_description":"[vc_row row_type=\u00a0\u00bbrow\u00a0\u00bb use_row_as_full_screen_section=\u00a0\u00bbno\u00a0\u00bb type=\u00a0\u00bbfull_width\u00a0\u00bb text_align=\u00a0\u00bbleft\u00a0\u00bb background_animation=\u00a0\u00bbnone\u00a0\u00bb css_animation=\u00a0\u00bb\u00a0\u00bb css=\u00a0\u00bb.vc_custom_1573553644326{margin-right: 20px !important;margin-left: 20px !important;}\u00a0\u00bb][vc_column width=\u00a0\u00bb1\/6&Prime;][\/vc_column][vc_column width=\u00a0\u00bb2\/3&Prime;][vc_column_text] MENTIONS L\u00c9GALES [\/vc_column_text][vc_empty_space height=\u00a0\u00bb50px\u00a0\u00bb][vc_column_text] Pr\u00e9sentation du site : Conform\u00e9ment aux dispositions des articles 6-III et 19 de la Loi n\u00b0 2004-575 du 21 juin 2004 pour la Confiance dans l\u2019\u00e9conomie num\u00e9rique,...","og_url":"https:\/\/www.coelhosandra.com\/index.php\/mentions-legales\/","og_site_name":"Sandra Coelho C\u00e9ramique","article_publisher":"https:\/\/www.facebook.com\/sandracoelhoceramique","article_modified_time":"2019-11-14T09:43:41+00:00","twitter_card":"summary_large_image","twitter_misc":{"Dur\u00e9e de lecture estim\u00e9e":"5 minutes"},"schema":{"@context":"https:\/\/schema.org","@graph":[{"@type":"WebPage","@id":"https:\/\/www.coelhosandra.com\/index.php\/mentions-legales\/","url":"https:\/\/www.coelhosandra.com\/index.php\/mentions-legales\/","name":"Mentions l\u00e9gales - Sandra Coelho C\u00e9ramique","isPartOf":{"@id":"https:\/\/www.coelhosandra.com\/#website"},"datePublished":"2019-11-06T12:08:31+00:00","dateModified":"2019-11-14T09:43:41+00:00","breadcrumb":{"@id":"https:\/\/www.coelhosandra.com\/index.php\/mentions-legales\/#breadcrumb"},"inLanguage":"fr-FR","potentialAction":[{"@type":"ReadAction","target":["https:\/\/www.coelhosandra.com\/index.php\/mentions-legales\/"]}]},{"@type":"BreadcrumbList","@id":"https:\/\/www.coelhosandra.com\/index.php\/mentions-legales\/#breadcrumb","itemListElement":[{"@type":"ListItem","position":1,"name":"Accueil","item":"https:\/\/www.coelhosandra.com\/"},{"@type":"ListItem","position":2,"name":"Mentions l\u00e9gales"}]},{"@type":"WebSite","@id":"https:\/\/www.coelhosandra.com\/#website","url":"https:\/\/www.coelhosandra.com\/","name":"Sandra Coelho C\u00e9ramique","description":"","publisher":{"@id":"https:\/\/www.coelhosandra.com\/#organization"},"potentialAction":[{"@type":"SearchAction","target":{"@type":"EntryPoint","urlTemplate":"https:\/\/www.coelhosandra.com\/?s={search_term_string}"},"query-input":{"@type":"PropertyValueSpecification","valueRequired":true,"valueName":"search_term_string"}}],"inLanguage":"fr-FR"},{"@type":"Organization","@id":"https:\/\/www.coelhosandra.com\/#organization","name":"Sandra Coelho C\u00e9ramique","url":"https:\/\/www.coelhosandra.com\/","logo":{"@type":"ImageObject","inLanguage":"fr-FR","@id":"https:\/\/www.coelhosandra.com\/#\/schema\/logo\/image\/","url":"https:\/\/www.coelhosandra.com\/wp-content\/uploads\/2019\/10\/logov4.png","contentUrl":"https:\/\/www.coelhosandra.com\/wp-content\/uploads\/2019\/10\/logov4.png","width":546,"height":556,"caption":"Sandra Coelho C\u00e9ramique"},"image":{"@id":"https:\/\/www.coelhosandra.com\/#\/schema\/logo\/image\/"},"sameAs":["https:\/\/www.facebook.com\/sandracoelhoceramique","https:\/\/www.instagram.com\/sandracoelhoceramique\/"]}]}},"_links":{"self":[{"href":"https:\/\/www.coelhosandra.com\/index.php\/wp-json\/wp\/v2\/pages\/1380","targetHints":{"allow":["GET"]}}],"collection":[{"href":"https:\/\/www.coelhosandra.com\/index.php\/wp-json\/wp\/v2\/pages"}],"about":[{"href":"https:\/\/www.coelhosandra.com\/index.php\/wp-json\/wp\/v2\/types\/page"}],"author":[{"embeddable":true,"href":"https:\/\/www.coelhosandra.com\/index.php\/wp-json\/wp\/v2\/users\/1"}],"replies":[{"embeddable":true,"href":"https:\/\/www.coelhosandra.com\/index.php\/wp-json\/wp\/v2\/comments?post=1380"}],"version-history":[{"count":18,"href":"https:\/\/www.coelhosandra.com\/index.php\/wp-json\/wp\/v2\/pages\/1380\/revisions"}],"predecessor-version":[{"id":1650,"href":"https:\/\/www.coelhosandra.com\/index.php\/wp-json\/wp\/v2\/pages\/1380\/revisions\/1650"}],"wp:attachment":[{"href":"https:\/\/www.coelhosandra.com\/index.php\/wp-json\/wp\/v2\/media?parent=1380"}],"curies":[{"name":"wp","href":"https:\/\/api.w.org\/{rel}","templated":true}]}}