{"id":944,"date":"2019-11-01T13:52:53","date_gmt":"2019-11-01T12:52:53","guid":{"rendered":"http:\/\/itxwsqw.cluster020.hosting.ovh.net\/sandra\/?page_id=944"},"modified":"2019-12-09T16:17:23","modified_gmt":"2019-12-09T15:17:23","slug":"boucles-doreilles","status":"publish","type":"page","link":"https:\/\/www.coelhosandra.com\/index.php\/boucles-doreilles\/","title":{"rendered":"Boucles d&rsquo;oreilles"},"content":{"rendered":"<p>[vc_row row_type=\u00a0\u00bbrow\u00a0\u00bb use_row_as_full_screen_section=\u00a0\u00bbno\u00a0\u00bb type=\u00a0\u00bbfull_width\u00a0\u00bb text_align=\u00a0\u00bbleft\u00a0\u00bb background_animation=\u00a0\u00bbnone\u00a0\u00bb css_animation=\u00a0\u00bb\u00a0\u00bb css=\u00a0\u00bb.vc_custom_1573203975564{margin-right: 10px !important;margin-left: 10px !important;}\u00a0\u00bb][vc_column][vc_text_separator title=\u00a0\u00bbBOUCLES D&rsquo;OREILLES\u00a0\u00bb border_color=\u00a0\u00bb#076168&Prime; background_color=\u00a0\u00bb#faf8f1&Prime; title_color=\u00a0\u00bb#076168&Prime;][vc_empty_space height=\u00a0\u00bb70px\u00a0\u00bb][\/vc_column][\/vc_row][vc_row row_type=\u00a0\u00bbrow\u00a0\u00bb use_row_as_full_screen_section=\u00a0\u00bbno\u00a0\u00bb type=\u00a0\u00bbfull_width\u00a0\u00bb text_align=\u00a0\u00bbcenter\u00a0\u00bb background_animation=\u00a0\u00bbnone\u00a0\u00bb css_animation=\u00a0\u00bb\u00a0\u00bb css=\u00a0\u00bb.vc_custom_1573203984572{margin-right: 10px !important;margin-left: 10px !important;}\u00a0\u00bb][vc_column width=\u00a0\u00bb1\/6&Prime;]<a href=\"https:\/\/www.coelhosandra.com\/index.php\/bijoux\/\" target=\"_self\"  class=\"qbutton  small\" style=\"\">RETOUR<\/a>[vc_empty_space][\/vc_column][vc_column width=\u00a0\u00bb2\/3&Prime;][vc_column_text]<\/p>\n<p style=\"text-align: center;\">Boucles d&rsquo;oreilles en porcelaine enti\u00e8rement fabriqu\u00e9es \u00e0 la main, d\u00e9cor au pinceau. Chaque pi\u00e8ce est unique.<\/p>\n<p>[\/vc_column_text][vc_empty_space height=\u00a0\u00bb50px\u00a0\u00bb][\/vc_column][vc_column width=\u00a0\u00bb1\/6&Prime;]<a href=\"https:\/\/www.coelhosandra.com\/index.php\/boucles-doreilles-2\/\" target=\"_self\"  class=\"qbutton  small\" style=\"\">BOUTIQUE<\/a>[vc_empty_space][\/vc_column][\/vc_row][vc_row row_type=\u00a0\u00bbrow\u00a0\u00bb use_row_as_full_screen_section=\u00a0\u00bbno\u00a0\u00bb type=\u00a0\u00bbfull_width\u00a0\u00bb text_align=\u00a0\u00bbleft\u00a0\u00bb background_animation=\u00a0\u00bbnone\u00a0\u00bb css_animation=\u00a0\u00bb\u00a0\u00bb css=\u00a0\u00bb.vc_custom_1573203993852{margin-right: 10px !important;margin-left: 10px !important;}\u00a0\u00bb][vc_column]<div class='projects_holder_outer v3 portfolio_with_space portfolio_with_hover_text  qode-filter-position-top'>\n\n<div class='projects_holder clearfix v3 hover_text portfolio_full_image '>\n\n<article class=\"mix portfolio_category_44\">\n    <div class='image_holder default_hover'>\n        \n<span class='image'><img loading=\"lazy\" decoding=\"async\" width=\"1181\" height=\"787\" src=\"https:\/\/www.coelhosandra.com\/wp-content\/uploads\/2019\/10\/DSC04089.jpg\" class=\"attachment-full size-full wp-post-image\" alt=\"\" srcset=\"https:\/\/www.coelhosandra.com\/wp-content\/uploads\/2019\/10\/DSC04089.jpg 1181w, https:\/\/www.coelhosandra.com\/wp-content\/uploads\/2019\/10\/DSC04089-300x200.jpg 300w, https:\/\/www.coelhosandra.com\/wp-content\/uploads\/2019\/10\/DSC04089-768x512.jpg 768w, https:\/\/www.coelhosandra.com\/wp-content\/uploads\/2019\/10\/DSC04089-1024x682.jpg 1024w, https:\/\/www.coelhosandra.com\/wp-content\/uploads\/2019\/10\/DSC04089-700x466.jpg 700w, https:\/\/www.coelhosandra.com\/wp-content\/uploads\/2019\/10\/DSC04089-1100x733.jpg 1100w, https:\/\/www.coelhosandra.com\/wp-content\/uploads\/2019\/10\/DSC04089-600x400.jpg 600w\" sizes=\"auto, (max-width: 1181px) 100vw, 1181px\" \/><\/span>\n        \n        <div class=\"portfolio_shader\"><\/div>\n<div class=\"text_holder\">\n\t<h4 class=\"portfolio_title\" > Boucle d&rsquo;oreille porcelaine 1<\/h4><h6 class=\"portfolio_subtitle\"> <\/h6><\/div>\n<div class=\"icons_holder\">\n\t<div class=\"icons_holder_inner\">\n\t\t\t\t\t<a class='portfolio_lightbox' title='Boucles d&rsquo;oreilles' href='https:\/\/www.coelhosandra.com\/wp-content\/uploads\/2019\/10\/DSC04089.jpg' data-rel='prettyPhoto[pretty_photo_gallery]'><\/a>\n\t\t\n\t\t\t<\/div>\n<\/div>\n\n\n\n    <\/div>\n<\/article>\n<article class=\"mix portfolio_category_44\">\n    <div class='image_holder default_hover'>\n        \n<span class='image'><img loading=\"lazy\" decoding=\"async\" width=\"883\" height=\"589\" src=\"https:\/\/www.coelhosandra.com\/wp-content\/uploads\/2019\/10\/DSC04094v2.jpg\" class=\"attachment-full size-full wp-post-image\" alt=\"\" srcset=\"https:\/\/www.coelhosandra.com\/wp-content\/uploads\/2019\/10\/DSC04094v2.jpg 883w, https:\/\/www.coelhosandra.com\/wp-content\/uploads\/2019\/10\/DSC04094v2-300x200.jpg 300w, https:\/\/www.coelhosandra.com\/wp-content\/uploads\/2019\/10\/DSC04094v2-768x512.jpg 768w, https:\/\/www.coelhosandra.com\/wp-content\/uploads\/2019\/10\/DSC04094v2-700x467.jpg 700w, https:\/\/www.coelhosandra.com\/wp-content\/uploads\/2019\/10\/DSC04094v2-600x400.jpg 600w\" sizes=\"auto, (max-width: 883px) 100vw, 883px\" \/><\/span>\n        \n        <div class=\"portfolio_shader\"><\/div>\n<div class=\"text_holder\">\n\t<h4 class=\"portfolio_title\" > Boucle d&rsquo;oreille porcelaine 2<\/h4><h6 class=\"portfolio_subtitle\"> <\/h6><\/div>\n<div class=\"icons_holder\">\n\t<div class=\"icons_holder_inner\">\n\t\t\t\t\t<a class='portfolio_lightbox' title='Boucles d&rsquo;oreilles' href='https:\/\/www.coelhosandra.com\/wp-content\/uploads\/2019\/10\/DSC04094v2.jpg' data-rel='prettyPhoto[pretty_photo_gallery]'><\/a>\n\t\t\n\t\t\t<\/div>\n<\/div>\n\n\n\n    <\/div>\n<\/article>\n<article class=\"mix portfolio_category_44\">\n    <div class='image_holder default_hover'>\n        \n<span class='image'><img loading=\"lazy\" decoding=\"async\" width=\"838\" height=\"558\" src=\"https:\/\/www.coelhosandra.com\/wp-content\/uploads\/2019\/10\/DSC04097v2.jpg\" class=\"attachment-full size-full wp-post-image\" alt=\"\" srcset=\"https:\/\/www.coelhosandra.com\/wp-content\/uploads\/2019\/10\/DSC04097v2.jpg 838w, https:\/\/www.coelhosandra.com\/wp-content\/uploads\/2019\/10\/DSC04097v2-300x200.jpg 300w, https:\/\/www.coelhosandra.com\/wp-content\/uploads\/2019\/10\/DSC04097v2-768x511.jpg 768w, https:\/\/www.coelhosandra.com\/wp-content\/uploads\/2019\/10\/DSC04097v2-700x466.jpg 700w, https:\/\/www.coelhosandra.com\/wp-content\/uploads\/2019\/10\/DSC04097v2-600x400.jpg 600w\" sizes=\"auto, (max-width: 838px) 100vw, 838px\" \/><\/span>\n        \n        <div class=\"portfolio_shader\"><\/div>\n<div class=\"text_holder\">\n\t<h4 class=\"portfolio_title\" > Boucle d&rsquo;oreille porcelaine 3<\/h4><h6 class=\"portfolio_subtitle\"> <\/h6><\/div>\n<div class=\"icons_holder\">\n\t<div class=\"icons_holder_inner\">\n\t\t\t\t\t<a class='portfolio_lightbox' title='Boucles d&rsquo;oreilles' href='https:\/\/www.coelhosandra.com\/wp-content\/uploads\/2019\/10\/DSC04097v2.jpg' data-rel='prettyPhoto[pretty_photo_gallery]'><\/a>\n\t\t\n\t\t\t<\/div>\n<\/div>\n\n\n\n    <\/div>\n<\/article>\n<article class=\"mix portfolio_category_44\">\n    <div class='image_holder default_hover'>\n        \n<span class='image'><img loading=\"lazy\" decoding=\"async\" width=\"864\" height=\"577\" src=\"https:\/\/www.coelhosandra.com\/wp-content\/uploads\/2019\/10\/DSC04102v2.jpg\" class=\"attachment-full size-full wp-post-image\" alt=\"\" srcset=\"https:\/\/www.coelhosandra.com\/wp-content\/uploads\/2019\/10\/DSC04102v2.jpg 864w, https:\/\/www.coelhosandra.com\/wp-content\/uploads\/2019\/10\/DSC04102v2-300x200.jpg 300w, https:\/\/www.coelhosandra.com\/wp-content\/uploads\/2019\/10\/DSC04102v2-768x513.jpg 768w, https:\/\/www.coelhosandra.com\/wp-content\/uploads\/2019\/10\/DSC04102v2-700x467.jpg 700w, https:\/\/www.coelhosandra.com\/wp-content\/uploads\/2019\/10\/DSC04102v2-600x401.jpg 600w\" sizes=\"auto, (max-width: 864px) 100vw, 864px\" \/><\/span>\n        \n        <div class=\"portfolio_shader\"><\/div>\n<div class=\"text_holder\">\n\t<h4 class=\"portfolio_title\" > Boucle d&rsquo;oreille porcelaine 4<\/h4><h6 class=\"portfolio_subtitle\"> <\/h6><\/div>\n<div class=\"icons_holder\">\n\t<div class=\"icons_holder_inner\">\n\t\t\t\t\t<a class='portfolio_lightbox' title='Boucles d&rsquo;oreilles' href='https:\/\/www.coelhosandra.com\/wp-content\/uploads\/2019\/10\/DSC04102v2.jpg' data-rel='prettyPhoto[pretty_photo_gallery]'><\/a>\n\t\t\n\t\t\t<\/div>\n<\/div>\n\n\n\n    <\/div>\n<\/article>\n<article class=\"mix portfolio_category_44\">\n    <div class='image_holder default_hover'>\n        \n<span class='image'><img loading=\"lazy\" decoding=\"async\" width=\"871\" height=\"579\" src=\"https:\/\/www.coelhosandra.com\/wp-content\/uploads\/2019\/10\/DSC04105v2.jpg\" class=\"attachment-full size-full wp-post-image\" alt=\"\" srcset=\"https:\/\/www.coelhosandra.com\/wp-content\/uploads\/2019\/10\/DSC04105v2.jpg 871w, https:\/\/www.coelhosandra.com\/wp-content\/uploads\/2019\/10\/DSC04105v2-300x199.jpg 300w, https:\/\/www.coelhosandra.com\/wp-content\/uploads\/2019\/10\/DSC04105v2-768x511.jpg 768w, https:\/\/www.coelhosandra.com\/wp-content\/uploads\/2019\/10\/DSC04105v2-700x465.jpg 700w, https:\/\/www.coelhosandra.com\/wp-content\/uploads\/2019\/10\/DSC04105v2-600x399.jpg 600w\" sizes=\"auto, (max-width: 871px) 100vw, 871px\" \/><\/span>\n        \n        <div class=\"portfolio_shader\"><\/div>\n<div class=\"text_holder\">\n\t<h4 class=\"portfolio_title\" > Boucle d&rsquo;oreille porcelaine 5<\/h4><h6 class=\"portfolio_subtitle\"> <\/h6><\/div>\n<div class=\"icons_holder\">\n\t<div class=\"icons_holder_inner\">\n\t\t\t\t\t<a class='portfolio_lightbox' title='Boucles d&rsquo;oreilles' href='https:\/\/www.coelhosandra.com\/wp-content\/uploads\/2019\/10\/DSC04105v2.jpg' data-rel='prettyPhoto[pretty_photo_gallery]'><\/a>\n\t\t\n\t\t\t<\/div>\n<\/div>\n\n\n\n    <\/div>\n<\/article>\n<article class=\"mix portfolio_category_44\">\n    <div class='image_holder default_hover'>\n        \n<span class='image'><img loading=\"lazy\" decoding=\"async\" width=\"806\" height=\"537\" src=\"https:\/\/www.coelhosandra.com\/wp-content\/uploads\/2019\/10\/DSC04110v2.jpg\" class=\"attachment-full size-full wp-post-image\" alt=\"\" srcset=\"https:\/\/www.coelhosandra.com\/wp-content\/uploads\/2019\/10\/DSC04110v2.jpg 806w, https:\/\/www.coelhosandra.com\/wp-content\/uploads\/2019\/10\/DSC04110v2-300x200.jpg 300w, https:\/\/www.coelhosandra.com\/wp-content\/uploads\/2019\/10\/DSC04110v2-768x512.jpg 768w, https:\/\/www.coelhosandra.com\/wp-content\/uploads\/2019\/10\/DSC04110v2-700x466.jpg 700w, https:\/\/www.coelhosandra.com\/wp-content\/uploads\/2019\/10\/DSC04110v2-600x400.jpg 600w\" sizes=\"auto, (max-width: 806px) 100vw, 806px\" \/><\/span>\n        \n        <div class=\"portfolio_shader\"><\/div>\n<div class=\"text_holder\">\n\t<h4 class=\"portfolio_title\" > Boucle d&rsquo;oreille porcelaine 6<\/h4><h6 class=\"portfolio_subtitle\"> <\/h6><\/div>\n<div class=\"icons_holder\">\n\t<div class=\"icons_holder_inner\">\n\t\t\t\t\t<a class='portfolio_lightbox' title='Boucles d&rsquo;oreilles' href='https:\/\/www.coelhosandra.com\/wp-content\/uploads\/2019\/10\/DSC04110v2.jpg' data-rel='prettyPhoto[pretty_photo_gallery]'><\/a>\n\t\t\n\t\t\t<\/div>\n<\/div>\n\n\n\n    <\/div>\n<\/article>\n\t\t\t\t<div class='filler'><\/div>\n\t\t\t\t\t\t\t<div class='filler'><\/div>\n\t\t\t\t\t\t\t<div class='filler'><\/div>\n\t\t\t<\/div>\n    <\/div>\n[vc_empty_space height=\u00a0\u00bb200px\u00a0\u00bb][\/vc_column][\/vc_row]<\/p>\n","protected":false},"excerpt":{"rendered":"<p>[vc_row row_type=\u00a0\u00bbrow\u00a0\u00bb use_row_as_full_screen_section=\u00a0\u00bbno\u00a0\u00bb type=\u00a0\u00bbfull_width\u00a0\u00bb text_align=\u00a0\u00bbleft\u00a0\u00bb background_animation=\u00a0\u00bbnone\u00a0\u00bb css_animation=\u00a0\u00bb\u00a0\u00bb css=\u00a0\u00bb.vc_custom_1573203975564{margin-right: 10px !important;margin-left: 10px !important;}\u00a0\u00bb][vc_column][vc_text_separator title=\u00a0\u00bbBOUCLES D&rsquo;OREILLES\u00a0\u00bb border_color=\u00a0\u00bb#076168&Prime; background_color=\u00a0\u00bb#faf8f1&Prime; title_color=\u00a0\u00bb#076168&Prime;][vc_empty_space height=\u00a0\u00bb70px\u00a0\u00bb][\/vc_column][\/vc_row][vc_row row_type=\u00a0\u00bbrow\u00a0\u00bb use_row_as_full_screen_section=\u00a0\u00bbno\u00a0\u00bb type=\u00a0\u00bbfull_width\u00a0\u00bb text_align=\u00a0\u00bbcenter\u00a0\u00bb background_animation=\u00a0\u00bbnone\u00a0\u00bb css_animation=\u00a0\u00bb\u00a0\u00bb css=\u00a0\u00bb.vc_custom_1573203984572{margin-right: 10px !important;margin-left: 10px !important;}\u00a0\u00bb][vc_column width=\u00a0\u00bb1\/6&Prime;][vc_empty_space][\/vc_column][vc_column width=\u00a0\u00bb2\/3&Prime;][vc_column_text] Boucles d&rsquo;oreilles en porcelaine enti\u00e8rement fabriqu\u00e9es \u00e0 la main, d\u00e9cor au pinceau. Chaque pi\u00e8ce&#8230;<\/p>\n","protected":false},"author":1,"featured_media":0,"parent":0,"menu_order":9,"comment_status":"closed","ping_status":"closed","template":"","meta":{"_exactmetrics_skip_tracking":false,"_exactmetrics_sitenote_active":false,"_exactmetrics_sitenote_note":"","_exactmetrics_sitenote_category":0,"_monsterinsights_skip_tracking":false,"_monsterinsights_sitenote_active":false,"_monsterinsights_sitenote_note":"","_monsterinsights_sitenote_category":0,"footnotes":""},"class_list":["post-944","page","type-page","status-publish","hentry"],"yoast_head":"<!-- This site is optimized with the Yoast SEO plugin v23.5 - https:\/\/yoast.com\/wordpress\/plugins\/seo\/ -->\n<title>Boucles d&#039;oreilles - Sandra Coelho C\u00e9ramique<\/title>\n<meta name=\"robots\" content=\"index, follow, max-snippet:-1, max-image-preview:large, max-video-preview:-1\" \/>\n<link rel=\"canonical\" href=\"https:\/\/www.coelhosandra.com\/index.php\/boucles-doreilles\/\" \/>\n<meta property=\"og:locale\" content=\"fr_FR\" \/>\n<meta property=\"og:type\" content=\"article\" \/>\n<meta property=\"og:title\" content=\"Boucles d&#039;oreilles - Sandra Coelho C\u00e9ramique\" \/>\n<meta property=\"og:description\" content=\"[vc_row row_type=\u00a0\u00bbrow\u00a0\u00bb use_row_as_full_screen_section=\u00a0\u00bbno\u00a0\u00bb type=\u00a0\u00bbfull_width\u00a0\u00bb text_align=\u00a0\u00bbleft\u00a0\u00bb background_animation=\u00a0\u00bbnone\u00a0\u00bb css_animation=\u00a0\u00bb\u00a0\u00bb css=\u00a0\u00bb.vc_custom_1573203975564{margin-right: 10px !important;margin-left: 10px !important;}\u00a0\u00bb][vc_column][vc_text_separator title=\u00a0\u00bbBOUCLES D&rsquo;OREILLES\u00a0\u00bb border_color=\u00a0\u00bb#076168&Prime; background_color=\u00a0\u00bb#faf8f1&Prime; title_color=\u00a0\u00bb#076168&Prime;][vc_empty_space height=\u00a0\u00bb70px\u00a0\u00bb][\/vc_column][\/vc_row][vc_row row_type=\u00a0\u00bbrow\u00a0\u00bb use_row_as_full_screen_section=\u00a0\u00bbno\u00a0\u00bb type=\u00a0\u00bbfull_width\u00a0\u00bb text_align=\u00a0\u00bbcenter\u00a0\u00bb background_animation=\u00a0\u00bbnone\u00a0\u00bb css_animation=\u00a0\u00bb\u00a0\u00bb css=\u00a0\u00bb.vc_custom_1573203984572{margin-right: 10px !important;margin-left: 10px !important;}\u00a0\u00bb][vc_column width=\u00a0\u00bb1\/6&Prime;][vc_empty_space][\/vc_column][vc_column width=\u00a0\u00bb2\/3&Prime;][vc_column_text] Boucles d&rsquo;oreilles en porcelaine enti\u00e8rement fabriqu\u00e9es \u00e0 la main, d\u00e9cor au pinceau. Chaque pi\u00e8ce...\" \/>\n<meta property=\"og:url\" content=\"https:\/\/www.coelhosandra.com\/index.php\/boucles-doreilles\/\" \/>\n<meta property=\"og:site_name\" content=\"Sandra Coelho C\u00e9ramique\" \/>\n<meta property=\"article:publisher\" content=\"https:\/\/www.facebook.com\/sandracoelhoceramique\" \/>\n<meta property=\"article:modified_time\" content=\"2019-12-09T15:17:23+00:00\" \/>\n<meta name=\"twitter:card\" content=\"summary_large_image\" \/>\n<meta name=\"twitter:label1\" content=\"Dur\u00e9e de lecture estim\u00e9e\" \/>\n\t<meta name=\"twitter:data1\" content=\"1 minute\" \/>\n<script type=\"application\/ld+json\" class=\"yoast-schema-graph\">{\"@context\":\"https:\/\/schema.org\",\"@graph\":[{\"@type\":\"WebPage\",\"@id\":\"https:\/\/www.coelhosandra.com\/index.php\/boucles-doreilles\/\",\"url\":\"https:\/\/www.coelhosandra.com\/index.php\/boucles-doreilles\/\",\"name\":\"Boucles d'oreilles - Sandra Coelho C\u00e9ramique\",\"isPartOf\":{\"@id\":\"https:\/\/www.coelhosandra.com\/#website\"},\"datePublished\":\"2019-11-01T12:52:53+00:00\",\"dateModified\":\"2019-12-09T15:17:23+00:00\",\"breadcrumb\":{\"@id\":\"https:\/\/www.coelhosandra.com\/index.php\/boucles-doreilles\/#breadcrumb\"},\"inLanguage\":\"fr-FR\",\"potentialAction\":[{\"@type\":\"ReadAction\",\"target\":[\"https:\/\/www.coelhosandra.com\/index.php\/boucles-doreilles\/\"]}]},{\"@type\":\"BreadcrumbList\",\"@id\":\"https:\/\/www.coelhosandra.com\/index.php\/boucles-doreilles\/#breadcrumb\",\"itemListElement\":[{\"@type\":\"ListItem\",\"position\":1,\"name\":\"Accueil\",\"item\":\"https:\/\/www.coelhosandra.com\/\"},{\"@type\":\"ListItem\",\"position\":2,\"name\":\"Boucles d&#8217;oreilles\"}]},{\"@type\":\"WebSite\",\"@id\":\"https:\/\/www.coelhosandra.com\/#website\",\"url\":\"https:\/\/www.coelhosandra.com\/\",\"name\":\"Sandra Coelho C\u00e9ramique\",\"description\":\"\",\"publisher\":{\"@id\":\"https:\/\/www.coelhosandra.com\/#organization\"},\"potentialAction\":[{\"@type\":\"SearchAction\",\"target\":{\"@type\":\"EntryPoint\",\"urlTemplate\":\"https:\/\/www.coelhosandra.com\/?s={search_term_string}\"},\"query-input\":{\"@type\":\"PropertyValueSpecification\",\"valueRequired\":true,\"valueName\":\"search_term_string\"}}],\"inLanguage\":\"fr-FR\"},{\"@type\":\"Organization\",\"@id\":\"https:\/\/www.coelhosandra.com\/#organization\",\"name\":\"Sandra Coelho C\u00e9ramique\",\"url\":\"https:\/\/www.coelhosandra.com\/\",\"logo\":{\"@type\":\"ImageObject\",\"inLanguage\":\"fr-FR\",\"@id\":\"https:\/\/www.coelhosandra.com\/#\/schema\/logo\/image\/\",\"url\":\"https:\/\/www.coelhosandra.com\/wp-content\/uploads\/2019\/10\/logov4.png\",\"contentUrl\":\"https:\/\/www.coelhosandra.com\/wp-content\/uploads\/2019\/10\/logov4.png\",\"width\":546,\"height\":556,\"caption\":\"Sandra Coelho C\u00e9ramique\"},\"image\":{\"@id\":\"https:\/\/www.coelhosandra.com\/#\/schema\/logo\/image\/\"},\"sameAs\":[\"https:\/\/www.facebook.com\/sandracoelhoceramique\",\"https:\/\/www.instagram.com\/sandracoelhoceramique\/\"]}]}<\/script>\n<!-- \/ Yoast SEO plugin. -->","yoast_head_json":{"title":"Boucles d'oreilles - Sandra Coelho C\u00e9ramique","robots":{"index":"index","follow":"follow","max-snippet":"max-snippet:-1","max-image-preview":"max-image-preview:large","max-video-preview":"max-video-preview:-1"},"canonical":"https:\/\/www.coelhosandra.com\/index.php\/boucles-doreilles\/","og_locale":"fr_FR","og_type":"article","og_title":"Boucles d'oreilles - Sandra Coelho C\u00e9ramique","og_description":"[vc_row row_type=\u00a0\u00bbrow\u00a0\u00bb use_row_as_full_screen_section=\u00a0\u00bbno\u00a0\u00bb type=\u00a0\u00bbfull_width\u00a0\u00bb text_align=\u00a0\u00bbleft\u00a0\u00bb background_animation=\u00a0\u00bbnone\u00a0\u00bb css_animation=\u00a0\u00bb\u00a0\u00bb css=\u00a0\u00bb.vc_custom_1573203975564{margin-right: 10px !important;margin-left: 10px !important;}\u00a0\u00bb][vc_column][vc_text_separator title=\u00a0\u00bbBOUCLES D&rsquo;OREILLES\u00a0\u00bb border_color=\u00a0\u00bb#076168&Prime; background_color=\u00a0\u00bb#faf8f1&Prime; title_color=\u00a0\u00bb#076168&Prime;][vc_empty_space height=\u00a0\u00bb70px\u00a0\u00bb][\/vc_column][\/vc_row][vc_row row_type=\u00a0\u00bbrow\u00a0\u00bb use_row_as_full_screen_section=\u00a0\u00bbno\u00a0\u00bb type=\u00a0\u00bbfull_width\u00a0\u00bb text_align=\u00a0\u00bbcenter\u00a0\u00bb background_animation=\u00a0\u00bbnone\u00a0\u00bb css_animation=\u00a0\u00bb\u00a0\u00bb css=\u00a0\u00bb.vc_custom_1573203984572{margin-right: 10px !important;margin-left: 10px !important;}\u00a0\u00bb][vc_column width=\u00a0\u00bb1\/6&Prime;][vc_empty_space][\/vc_column][vc_column width=\u00a0\u00bb2\/3&Prime;][vc_column_text] Boucles d&rsquo;oreilles en porcelaine enti\u00e8rement fabriqu\u00e9es \u00e0 la main, d\u00e9cor au pinceau. Chaque pi\u00e8ce...","og_url":"https:\/\/www.coelhosandra.com\/index.php\/boucles-doreilles\/","og_site_name":"Sandra Coelho C\u00e9ramique","article_publisher":"https:\/\/www.facebook.com\/sandracoelhoceramique","article_modified_time":"2019-12-09T15:17:23+00:00","twitter_card":"summary_large_image","twitter_misc":{"Dur\u00e9e de lecture estim\u00e9e":"1 minute"},"schema":{"@context":"https:\/\/schema.org","@graph":[{"@type":"WebPage","@id":"https:\/\/www.coelhosandra.com\/index.php\/boucles-doreilles\/","url":"https:\/\/www.coelhosandra.com\/index.php\/boucles-doreilles\/","name":"Boucles d'oreilles - Sandra Coelho C\u00e9ramique","isPartOf":{"@id":"https:\/\/www.coelhosandra.com\/#website"},"datePublished":"2019-11-01T12:52:53+00:00","dateModified":"2019-12-09T15:17:23+00:00","breadcrumb":{"@id":"https:\/\/www.coelhosandra.com\/index.php\/boucles-doreilles\/#breadcrumb"},"inLanguage":"fr-FR","potentialAction":[{"@type":"ReadAction","target":["https:\/\/www.coelhosandra.com\/index.php\/boucles-doreilles\/"]}]},{"@type":"BreadcrumbList","@id":"https:\/\/www.coelhosandra.com\/index.php\/boucles-doreilles\/#breadcrumb","itemListElement":[{"@type":"ListItem","position":1,"name":"Accueil","item":"https:\/\/www.coelhosandra.com\/"},{"@type":"ListItem","position":2,"name":"Boucles d&#8217;oreilles"}]},{"@type":"WebSite","@id":"https:\/\/www.coelhosandra.com\/#website","url":"https:\/\/www.coelhosandra.com\/","name":"Sandra Coelho C\u00e9ramique","description":"","publisher":{"@id":"https:\/\/www.coelhosandra.com\/#organization"},"potentialAction":[{"@type":"SearchAction","target":{"@type":"EntryPoint","urlTemplate":"https:\/\/www.coelhosandra.com\/?s={search_term_string}"},"query-input":{"@type":"PropertyValueSpecification","valueRequired":true,"valueName":"search_term_string"}}],"inLanguage":"fr-FR"},{"@type":"Organization","@id":"https:\/\/www.coelhosandra.com\/#organization","name":"Sandra Coelho C\u00e9ramique","url":"https:\/\/www.coelhosandra.com\/","logo":{"@type":"ImageObject","inLanguage":"fr-FR","@id":"https:\/\/www.coelhosandra.com\/#\/schema\/logo\/image\/","url":"https:\/\/www.coelhosandra.com\/wp-content\/uploads\/2019\/10\/logov4.png","contentUrl":"https:\/\/www.coelhosandra.com\/wp-content\/uploads\/2019\/10\/logov4.png","width":546,"height":556,"caption":"Sandra Coelho C\u00e9ramique"},"image":{"@id":"https:\/\/www.coelhosandra.com\/#\/schema\/logo\/image\/"},"sameAs":["https:\/\/www.facebook.com\/sandracoelhoceramique","https:\/\/www.instagram.com\/sandracoelhoceramique\/"]}]}},"_links":{"self":[{"href":"https:\/\/www.coelhosandra.com\/index.php\/wp-json\/wp\/v2\/pages\/944","targetHints":{"allow":["GET"]}}],"collection":[{"href":"https:\/\/www.coelhosandra.com\/index.php\/wp-json\/wp\/v2\/pages"}],"about":[{"href":"https:\/\/www.coelhosandra.com\/index.php\/wp-json\/wp\/v2\/types\/page"}],"author":[{"embeddable":true,"href":"https:\/\/www.coelhosandra.com\/index.php\/wp-json\/wp\/v2\/users\/1"}],"replies":[{"embeddable":true,"href":"https:\/\/www.coelhosandra.com\/index.php\/wp-json\/wp\/v2\/comments?post=944"}],"version-history":[{"count":19,"href":"https:\/\/www.coelhosandra.com\/index.php\/wp-json\/wp\/v2\/pages\/944\/revisions"}],"predecessor-version":[{"id":1914,"href":"https:\/\/www.coelhosandra.com\/index.php\/wp-json\/wp\/v2\/pages\/944\/revisions\/1914"}],"wp:attachment":[{"href":"https:\/\/www.coelhosandra.com\/index.php\/wp-json\/wp\/v2\/media?parent=944"}],"curies":[{"name":"wp","href":"https:\/\/api.w.org\/{rel}","templated":true}]}}